{"id":13316,"date":"2019-08-29T20:10:44","date_gmt":"2019-08-29T20:10:44","guid":{"rendered":"https:\/\/agwaymetals.com-2021\/?page_id=13316"},"modified":"2021-06-08T16:29:33","modified_gmt":"2021-06-08T16:29:33","slug":"videos-dinstallation","status":"publish","type":"page","link":"https:\/\/agwaymetals.com\/fr\/videos-dinstallation\/","title":{"rendered":"Vid\u00e9os d&rsquo;installation de toiture"},"content":{"rendered":"<p>&nbsp;<\/p>\n<table border=\"0\" cellspacing=\"0\" cellpadding=\"0\">\n<colgroup>\n<col width=\"274\" \/><\/colgroup>\n<colgroup>\n<col width=\"196\" \/> <\/colgroup>\n<colgroup>\n<col width=\"274\" \/><\/colgroup>\n<tbody>\n<tr>\n<td style=\"text-align: center;\" width=\"274\" height=\"12\"><iframe loading=\"lazy\" src=\"https:\/\/www.youtube.com\/embed\/tPyyiUQnv3g\" width=\"696\" height=\"392\" frameborder=\"0\" allowfullscreen=\"allowfullscreen\" data-mce-fragment=\"1\"><\/iframe><\/td>\n<td style=\"text-align: left;\" width=\"274\">\n<h2><strong>Guide d&rsquo;installation des AR<\/strong><\/h2>\n<p>Ce guide complet pour l&rsquo;installation du syst\u00e8me de toiture en acier Agway Metals AR d\u00e9montre les proc\u00e9dures \u00e9tape par \u00e9tape n\u00e9cessaires \u00e0 l&rsquo;installation correcte de tous les composants d&rsquo;un toit AR typique.<\/td>\n<\/tr>\n<tr>\n<td style=\"text-align: center;\" width=\"274\" height=\"12\"><iframe loading=\"lazy\" src=\"https:\/\/www.youtube.com\/embed\/f9eXCrkXCVQ\" width=\"696\" height=\"392\" frameborder=\"0\" allowfullscreen=\"allowfullscreen\" data-mce-fragment=\"1\"><\/iframe><\/td>\n<td style=\"text-align: left;\" width=\"274\">\n<h2><strong>Guide d&rsquo;installation des Nail Strip<\/strong><\/h2>\n<p>Ce guide complet pour l&rsquo;installation du syst\u00e8me de toiture en acier Agway Metals Nail Strip d\u00e9montre les proc\u00e9dures \u00e9tape par \u00e9tape n\u00e9cessaires \u00e0 l&rsquo;installation correcte de tous les composants d&rsquo;un toit Nail Strip typique.<\/td>\n<\/tr>\n<tr>\n<td style=\"text-align: center;\" width=\"274\" height=\"12\"><iframe loading=\"lazy\" src=\"https:\/\/www.youtube.com\/embed\/F5JUdTohW98\" width=\"696\" height=\"392\" frameborder=\"0\" allowfullscreen=\"allowfullscreen\" data-mce-fragment=\"1\"><\/iframe><\/td>\n<td style=\"text-align: left;\" width=\"274\">\n<h2><strong>Guide d&rsquo;installation des Snap Lock<\/strong><\/h2>\n<p>Ce guide complet pour l&rsquo;installation du syst\u00e8me de toiture en acier Agway Metals Snap Lock d\u00e9montre les proc\u00e9dures \u00e9tape par \u00e9tape n\u00e9cessaires pour installer correctement tous les composants d&rsquo;un toit Snap Lock typique.<\/td>\n<\/tr>\n<tr>\n<td style=\"text-align: center;\" width=\"274\" height=\"12\"><iframe loading=\"lazy\" src=\"https:\/\/www.youtube.com\/embed\/7mqkPFCYnqQ\" width=\"696\" height=\"392\" frameborder=\"0\" allowfullscreen=\"allowfullscreen\" data-mce-fragment=\"1\"><\/iframe><\/td>\n<td style=\"text-align: left;\" width=\"274\">\n<h2><strong>Bardeaux Springhouse &#8211; Toitures d&rsquo;acier Installation vid\u00e9o<\/strong><\/h2>\n<p>D\u00e9montrer comment Springhouse Shingles peut \u00eatre install\u00e9 sur un nouveau toit ou sur les bardeaux d&rsquo;asphalte.<\/td>\n<\/tr>\n<\/tbody>\n<\/table>\n","protected":false},"excerpt":{"rendered":"<p>&nbsp; Guide d&rsquo;installation des AR Ce guide complet pour l&rsquo;installation du syst\u00e8me de toiture en acier Agway Metals AR d\u00e9montre les proc\u00e9dures \u00e9tape par \u00e9tape n\u00e9cessaires \u00e0 l&rsquo;installation correcte de tous les composants d&rsquo;un toit AR typique. Guide d&rsquo;installation des Nail Strip Ce guide complet pour l&rsquo;installation du syst\u00e8me de toiture en acier Agway Metals [&hellip;]<\/p>\n","protected":false},"author":2,"featured_media":21457,"parent":0,"menu_order":56,"comment_status":"closed","ping_status":"closed","template":"","meta":{"_acf_changed":false,"footnotes":""},"class_list":["post-13316","page","type-page","status-publish","has-post-thumbnail","hentry"],"acf":[],"_links":{"self":[{"href":"https:\/\/agwaymetals.com\/fr\/wp-json\/wp\/v2\/pages\/13316","targetHints":{"allow":["GET"]}}],"collection":[{"href":"https:\/\/agwaymetals.com\/fr\/wp-json\/wp\/v2\/pages"}],"about":[{"href":"https:\/\/agwaymetals.com\/fr\/wp-json\/wp\/v2\/types\/page"}],"author":[{"embeddable":true,"href":"https:\/\/agwaymetals.com\/fr\/wp-json\/wp\/v2\/users\/2"}],"replies":[{"embeddable":true,"href":"https:\/\/agwaymetals.com\/fr\/wp-json\/wp\/v2\/comments?post=13316"}],"version-history":[{"count":9,"href":"https:\/\/agwaymetals.com\/fr\/wp-json\/wp\/v2\/pages\/13316\/revisions"}],"predecessor-version":[{"id":20560,"href":"https:\/\/agwaymetals.com\/fr\/wp-json\/wp\/v2\/pages\/13316\/revisions\/20560"}],"wp:featuredmedia":[{"embeddable":true,"href":"https:\/\/agwaymetals.com\/fr\/wp-json\/wp\/v2\/media\/21457"}],"wp:attachment":[{"href":"https:\/\/agwaymetals.com\/fr\/wp-json\/wp\/v2\/media?parent=13316"}],"curies":[{"name":"wp","href":"https:\/\/api.w.org\/{rel}","templated":true}]}}