{"id":14400,"date":"2020-04-02T16:20:31","date_gmt":"2020-04-02T16:20:31","guid":{"rendered":"https:\/\/agwaymetals.com-2021\/?page_id=14400"},"modified":"2022-03-08T17:34:32","modified_gmt":"2022-03-08T17:34:32","slug":"pages-de-ressources-ictab","status":"publish","type":"page","link":"https:\/\/agwaymetals.com\/fr\/pages-de-ressources-ictab\/","title":{"rendered":"Pages de ressources ICTAB"},"content":{"rendered":"<p>&nbsp;<\/p>\n<p><strong>PONTAGE M\u00c9TALLIQUE<\/strong><\/p>\n<table style=\"border: 1px solid #000000;\">\n<colgroup>\n<col style=\"width: 20%;\" \/>\n<col style=\"width: 20%;\" \/>\n<col style=\"width: 20%;\" \/>\n<col style=\"width: 20%;\" \/>\n<col style=\"width: 20%;\" \/> <\/colgroup>\n<tbody>\n<tr>\n<td>\n<p style=\"text-align: center;\"><strong>Norme pour<br \/>\nles tabliers de toit<br \/>\nen acier<\/strong><\/p>\n<p style=\"text-align: center;\"><a href=\"https:\/\/agwaymetals.com\/wp-content\/uploads\/2020\/04\/ICTAB-10M-18.pdf\" target=\"_blank\" rel=\"noopener\"><img loading=\"lazy\" decoding=\"async\" class=\"alignnone size-full wp-image-23663\" src=\"https:\/\/agwaymetals.com\/wp-content\/uploads\/2022\/03\/ictabPMNormePour_Icon.jpg\" alt=\"\" width=\"167\" height=\"216\" \/><\/a><\/p>\n<\/td>\n<td>\n<p style=\"text-align: center;\"><strong>T\u00f4le d\u2019acier rev\u00eatue d\u2019un enduit m\u00e9tallique pour produits de b\u00e2timents<\/strong><\/p>\n<p style=\"text-align: center;\"><a href=\"https:\/\/agwaymetals.com\/wp-content\/uploads\/2020\/04\/ICTAB-Facts6-12.pdf\" target=\"_blank\" rel=\"noopener\"><img loading=\"lazy\" decoding=\"async\" class=\"alignnone size-full wp-image-23675\" src=\"https:\/\/agwaymetals.com\/wp-content\/uploads\/2022\/03\/ictabPMToledAcierRevetue_Icon.jpg\" alt=\"\" width=\"167\" height=\"216\" \/><\/a><\/p>\n<\/td>\n<td>\n<p style=\"text-align: center;\"><strong>Propri\u00e9t\u00e9s acoustiques<br \/>\ndu tablier<br \/>\nm\u00e9tallique perfor\u00e9<\/strong><\/p>\n<p style=\"text-align: center;\"><a href=\"https:\/\/agwaymetals.com\/wp-content\/uploads\/2020\/04\/ICTAB-Facts16-18.pdf\" target=\"_blank\" rel=\"noopener\"><img loading=\"lazy\" decoding=\"async\" class=\"alignnone size-full wp-image-23665\" src=\"https:\/\/agwaymetals.com\/wp-content\/uploads\/2022\/03\/ictabPMPropertiesAcoustiques_Icon.jpg\" alt=\"\" width=\"167\" height=\"216\" \/><\/a><\/p>\n<\/td>\n<td>\n<p style=\"text-align: center;\"><strong>Expos\u00e9 de position de l\u2019ICTAB sur le soudage des tabliers en acier \u00e0 l\u2019aide de rondelles<\/strong><\/p>\n<p style=\"text-align: center;\"><a href=\"https:\/\/agwaymetals.com\/wp-content\/uploads\/2020\/04\/ICTAB-Facts17-05.pdf\" target=\"_blank\" rel=\"noopener\"><img loading=\"lazy\" decoding=\"async\" class=\"alignnone size-full wp-image-23657\" src=\"https:\/\/agwaymetals.com\/wp-content\/uploads\/2022\/03\/ictabPMExposeDePosition_Icon.jpg\" alt=\"\" width=\"167\" height=\"216\" \/><\/a><\/p>\n<\/td>\n<td>\n<p style=\"text-align: center;\"><strong>Contenu recycl\u00e9<br \/>\ndes produits en acier<br \/>\npour le b\u00e2timent<\/strong><\/p>\n<p style=\"text-align: center;\"><a href=\"https:\/\/agwaymetals.com\/wp-content\/uploads\/2020\/04\/ICTAB-Facts20-14.pdf\" target=\"_blank\" rel=\"noopener\"><img loading=\"lazy\" decoding=\"async\" class=\"alignnone size-full wp-image-23651\" src=\"https:\/\/agwaymetals.com\/wp-content\/uploads\/2022\/03\/ictabPMContenuRecycle_Icon.jpg\" alt=\"\" width=\"167\" height=\"216\" \/><\/a><\/p>\n<\/td>\n<\/tr>\n<tr>\n<td>\n<p style=\"text-align: center;\"><strong>Quelques mots sur la t\u00f4le d\u2019acier #23 : Espacement des attaches de membranes de toit<\/strong><\/p>\n<p style=\"text-align: center;\"><a href=\"https:\/\/agwaymetals.com\/wp-content\/uploads\/2020\/04\/ICTAB-Facts23-08.pdf\" target=\"_blank\" rel=\"noopener\"><img loading=\"lazy\" decoding=\"async\" class=\"alignnone size-full wp-image-23667\" src=\"https:\/\/agwaymetals.com\/wp-content\/uploads\/2022\/03\/ictabPMQuelquesMotsSur_Icon.jpg\" alt=\"\" width=\"167\" height=\"216\" \/><\/a><\/p>\n<\/td>\n<td>\n<p style=\"text-align: center;\"><strong>Effets des perforations acoustiques sur la force de flexion et la rigidit\u00e9 d\u2019un tablier de toit en acier<\/strong><\/p>\n<p style=\"text-align: center;\"><a href=\"https:\/\/agwaymetals.com\/wp-content\/uploads\/2020\/04\/ICTAB-Facts27-10.pdf\" target=\"_blank\" rel=\"noopener\"><img loading=\"lazy\" decoding=\"async\" class=\"alignnone size-full wp-image-23655\" src=\"https:\/\/agwaymetals.com\/wp-content\/uploads\/2022\/03\/ictabPMEffetsDesPerforations_Icon.jpg\" alt=\"\" width=\"167\" height=\"216\" \/><\/a><\/p>\n<\/td>\n<td>\n<p style=\"text-align: center;\"><strong>Expos\u00e9 de principe sur la responsabilit\u00e9 de la conception pour les diaphragmes de tabliers en acier<\/strong><\/p>\n<p style=\"text-align: center;\"><a href=\"https:\/\/agwaymetals.com\/wp-content\/uploads\/2020\/04\/ICTAB-Facts28-10.pdf\" target=\"_blank\" rel=\"noopener\"><img loading=\"lazy\" decoding=\"async\" class=\"alignnone size-full wp-image-23659\" src=\"https:\/\/agwaymetals.com\/wp-content\/uploads\/2022\/03\/ictabPMExposeDePrincipe_Icon.jpg\" alt=\"\" width=\"167\" height=\"216\" \/><\/a><\/p>\n<\/td>\n<td>\n<p style=\"text-align: center;\"><strong>Directives d\u2019installation pour les diaphragmes de cisaillement de tablier en acier<\/strong><\/p>\n<p style=\"text-align: center;\"><a href=\"https:\/\/agwaymetals.com\/wp-content\/uploads\/2020\/04\/ICTAB-Facts29-10.pdf\" target=\"_blank\" rel=\"noopener\"><img loading=\"lazy\" decoding=\"async\" class=\"alignnone size-full wp-image-23653\" src=\"https:\/\/agwaymetals.com\/wp-content\/uploads\/2022\/03\/ictabPMDirectivesdInstallation_Icon.jpg\" alt=\"\" width=\"167\" height=\"216\" \/><\/a><\/p>\n<\/td>\n<td>\n<p style=\"text-align: center;\"><strong>Taches de stockage humide sur la t\u00f4le d\u2019acier galvanis\u00e9e et recuite par galvanisation<\/strong><\/p>\n<p style=\"text-align: center;\"><a href=\"https:\/\/agwaymetals.com\/wp-content\/uploads\/2020\/04\/ICTAB-Facts33-11.pdf\" target=\"_blank\" rel=\"noopener\"><img loading=\"lazy\" decoding=\"async\" class=\"alignnone size-full wp-image-23673\" src=\"https:\/\/agwaymetals.com\/wp-content\/uploads\/2022\/03\/ictabPMTachesDeStockage_Icon.jpg\" alt=\"\" width=\"167\" height=\"216\" \/><\/a><\/p>\n<\/td>\n<\/tr>\n<tr>\n<td>\n<p style=\"text-align: center;\"><strong>Tabliers de toiture en acier et tablier de plancher composite<\/strong><\/p>\n<p style=\"text-align: center;\"><a href=\"https:\/\/agwaymetals.com\/wp-content\/uploads\/2020\/04\/ICTAB-S15-12.pdf\" target=\"_blank\" rel=\"noopener\"><img loading=\"lazy\" decoding=\"async\" class=\"alignnone size-full wp-image-23671\" src=\"https:\/\/agwaymetals.com\/wp-content\/uploads\/2022\/03\/ictabPMTablierDeToiture_Icon.jpg\" alt=\"\" width=\"167\" height=\"216\" \/><\/a><\/p>\n<\/td>\n<td>\n<p style=\"text-align: center;\"><strong>Sp\u00e9cifications<br \/>\nde forme courte<\/strong><\/p>\n<p style=\"text-align: center;\"><a href=\"https:\/\/agwaymetals.com\/wp-content\/uploads\/2020\/04\/ICTAB-S20-18.docx\" target=\"_blank\" rel=\"noopener\"><img loading=\"lazy\" decoding=\"async\" class=\"alignnone size-full wp-image-23669\" src=\"https:\/\/agwaymetals.com\/wp-content\/uploads\/2022\/03\/ictabPMSpecificationsDeForme_Icon.jpg\" alt=\"\" width=\"167\" height=\"216\" \/><\/a><\/p>\n<\/td>\n<td>\n<p style=\"text-align: center;\"><strong>M\u00e9thode de conception pour les diaphragmes des platelages en t\u00f4le<\/strong><\/p>\n<p style=\"text-align: center;\"><a href=\"https:\/\/agwaymetals.com\/wp-content\/uploads\/2020\/04\/ICTAB-SSF-9-19.pdf\" target=\"_blank\" rel=\"noopener\"><img loading=\"lazy\" decoding=\"async\" class=\"alignnone size-full wp-image-23661\" src=\"https:\/\/agwaymetals.com\/wp-content\/uploads\/2022\/03\/ictabPMMethodeDeConception_Icon.jpg\" alt=\"\" width=\"167\" height=\"216\" \/><\/a><\/p>\n<\/td>\n<td><\/td>\n<td><\/td>\n<\/tr>\n<\/tbody>\n<\/table>\n<p>&nbsp;<\/p>\n<p><strong>ENVIRONNEMENT<\/strong><\/p>\n<table style=\"border: 1px solid #000000;\">\n<colgroup>\n<col style=\"width: 20%;\" \/>\n<col style=\"width: 20%;\" \/>\n<col style=\"width: 20%;\" \/>\n<col style=\"width: 20%;\" \/>\n<col style=\"width: 20%;\" \/> <\/colgroup>\n<tbody>\n<tr>\n<td>\n<p style=\"text-align: center;\"><strong>L\u2019acier et le virage vert<\/strong><\/p>\n<p style=\"text-align: center;\"><a href=\"https:\/\/agwaymetals.com\/wp-content\/uploads\/2020\/04\/ICTAB-EFS1-08.pdf\" target=\"_blank\" rel=\"noopener\"><img loading=\"lazy\" decoding=\"async\" class=\"alignnone size-full wp-image-23679\" src=\"https:\/\/agwaymetals.com\/wp-content\/uploads\/2022\/03\/ictabENVLacierEtLaVirage_Icon.jpg\" alt=\"\" width=\"167\" height=\"216\" \/><\/a><\/p>\n<\/td>\n<td><\/td>\n<td><\/td>\n<td><\/td>\n<td><\/td>\n<\/tr>\n<\/tbody>\n<\/table>\n<p>&nbsp;<\/p>\n<p><strong>TABLIER COMPOSITE<\/strong><\/p>\n<table style=\"border: 1px solid #000000;\">\n<colgroup>\n<col style=\"width: 20%;\" \/>\n<col style=\"width: 20%;\" \/>\n<col style=\"width: 20%;\" \/>\n<col style=\"width: 20%;\" \/>\n<col style=\"width: 20%;\" \/> <\/colgroup>\n<tbody>\n<tr>\n<td>\n<p style=\"text-align: center;\"><strong>Norme pour<br \/>\nles tabliers composites<br \/>\nen acier<\/strong><strong><br \/>\n<\/strong><\/p>\n<p style=\"text-align: center;\"><a href=\"https:\/\/agwaymetals.com\/wp-content\/uploads\/2020\/04\/ICTAB-12M-18.pdf\" target=\"_blank\" rel=\"noopener\"><img loading=\"lazy\" decoding=\"async\" class=\"alignnone size-full wp-image-23689\" src=\"https:\/\/agwaymetals.com\/wp-content\/uploads\/2022\/03\/ictabTCNormePourLes_Icon.jpg\" alt=\"\" width=\"167\" height=\"216\" \/><\/a><\/p>\n<\/td>\n<td>\n<p style=\"text-align: center;\"><strong>T\u00f4le d\u2019acier rev\u00eatue d\u2019un enduit m\u00e9tallique pour produits de b\u00e2timents<br \/>\n<\/strong><\/p>\n<p style=\"text-align: center;\"><a href=\"https:\/\/agwaymetals.com\/wp-content\/uploads\/2020\/04\/ICTAB-Facts6-12.pdf\" target=\"_blank\" rel=\"noopener\"><img loading=\"lazy\" decoding=\"async\" class=\"alignnone size-full wp-image-23695\" src=\"https:\/\/agwaymetals.com\/wp-content\/uploads\/2022\/03\/ictabTCToledAcierRevetue_Icon.jpg\" alt=\"\" width=\"167\" height=\"216\" \/><\/a><\/p>\n<\/td>\n<td>\n<p style=\"text-align: center;\"><strong>Contenu recycl\u00e9 des<br \/>\nproduits en acier<br \/>\npour le b\u00e2timent<\/strong><\/p>\n<p style=\"text-align: center;\"><a href=\"https:\/\/agwaymetals.com\/wp-content\/uploads\/2020\/04\/ICTAB-Facts20-14.pdf\" target=\"_blank\" rel=\"noopener\"><img loading=\"lazy\" decoding=\"async\" class=\"alignnone size-full wp-image-23683\" src=\"https:\/\/agwaymetals.com\/wp-content\/uploads\/2022\/03\/ictabTCContenuRecycleDes_Icon.jpg\" alt=\"\" width=\"167\" height=\"216\" \/><\/a><\/p>\n<\/td>\n<td>\n<p style=\"text-align: center;\"><strong>Taches de stockage humide sur la t\u00f4le d\u2019acier galvanis\u00e9e et recuite par galvanisation<\/strong><\/p>\n<p style=\"text-align: center;\"><a href=\"https:\/\/agwaymetals.com\/wp-content\/uploads\/2020\/04\/ICTAB-Facts33-11.pdf\" target=\"_blank\" rel=\"noopener\"><img loading=\"lazy\" decoding=\"async\" class=\"alignnone size-full wp-image-23693\" src=\"https:\/\/agwaymetals.com\/wp-content\/uploads\/2022\/03\/ictabTCTachesDeStockage_Icon.jpg\" alt=\"\" width=\"167\" height=\"216\" \/><\/a><\/p>\n<\/td>\n<td>\n<p style=\"text-align: center;\"><strong>Crit\u00e8res d\u2019essai<br \/>\npour dalles<br \/>\ncomposites<\/strong><\/p>\n<p style=\"text-align: center;\"><a href=\"https:\/\/agwaymetals.com\/wp-content\/uploads\/2020\/04\/ICTAB-S2-17.pdf\" target=\"_blank\" rel=\"noopener\"><img loading=\"lazy\" decoding=\"async\" class=\"alignnone size-full wp-image-23687\" src=\"https:\/\/agwaymetals.com\/wp-content\/uploads\/2022\/03\/ictabTCCriteresdEssaiPour_Icon.jpg\" alt=\"\" width=\"167\" height=\"216\" \/><\/a><\/p>\n<\/td>\n<\/tr>\n<tr>\n<td>\n<p style=\"text-align: center;\"><strong>Crit\u00e8res de calcul pour dalles composites<\/strong><\/p>\n<p style=\"text-align: center;\"><a href=\"https:\/\/agwaymetals.com\/wp-content\/uploads\/2020\/04\/ICTAB-S3-17.pdf\" target=\"_blank\" rel=\"noopener\"><img loading=\"lazy\" decoding=\"async\" class=\"alignnone size-full wp-image-23685\" src=\"https:\/\/agwaymetals.com\/wp-content\/uploads\/2022\/03\/ictabTCCriteresDeCalcul_Icon.jpg\" alt=\"\" width=\"167\" height=\"216\" \/><\/a><\/p>\n<\/td>\n<td>\n<p style=\"text-align: center;\"><strong>Tabliers de toiture en acier et tablier de plancher composite<\/strong><\/p>\n<p style=\"text-align: center;\"><a href=\"https:\/\/agwaymetals.com\/wp-content\/uploads\/2020\/04\/ICTAB-S15-12.pdf\" target=\"_blank\" rel=\"noopener\"><img loading=\"lazy\" decoding=\"async\" class=\"alignnone size-full wp-image-23691\" src=\"https:\/\/agwaymetals.com\/wp-content\/uploads\/2022\/03\/ictabTCTablierDeToiture_Icon.jpg\" alt=\"\" width=\"167\" height=\"216\" \/><\/a><\/p>\n<\/td>\n<td><\/td>\n<td><\/td>\n<td><\/td>\n<\/tr>\n<\/tbody>\n<\/table>\n<p>&nbsp;<\/p>\n<p><strong>PROFILS DE REV\u00caTEMENT DE TOIT ET DE MUR<\/strong><\/p>\n<table style=\"border: 1px solid #000000;\">\n<colgroup>\n<col style=\"width: 20%;\" \/>\n<col style=\"width: 20%;\" \/>\n<col style=\"width: 20%;\" \/>\n<col style=\"width: 20%;\" \/>\n<col style=\"width: 20%;\" \/> <\/colgroup>\n<tbody>\n<tr>\n<td>\n<p style=\"text-align: center;\"><strong>T\u00f4le d\u2019acier rev\u00eatue d\u2019un enduit m\u00e9tallique pour produits de b\u00e2timents<\/strong><strong><br \/>\n<\/strong><\/p>\n<p style=\"text-align: center;\"><a href=\"https:\/\/agwaymetals.com\/wp-content\/uploads\/2020\/04\/ICTAB-Facts6-12.pdf\" target=\"_blank\" rel=\"noopener\"><img loading=\"lazy\" decoding=\"async\" class=\"alignnone size-full wp-image-23704\" src=\"https:\/\/agwaymetals.com\/wp-content\/uploads\/2022\/03\/ictabPRTMToledAcierRevetue_Icon.jpg\" alt=\"\" width=\"167\" height=\"216\" \/><\/a><\/p>\n<\/td>\n<td>\n<p style=\"text-align: center;\"><strong>Contenu recycl\u00e9 des<br \/>\n<\/strong><strong>produits en acier<br \/>\npour le b\u00e2timent<br \/>\n<\/strong><\/p>\n<p style=\"text-align: center;\"><a href=\"https:\/\/agwaymetals.com\/wp-content\/uploads\/2020\/04\/ICTAB-Facts20-14.pdf\" target=\"_blank\" rel=\"noopener\"><img loading=\"lazy\" decoding=\"async\" class=\"alignnone size-full wp-image-23700\" src=\"https:\/\/agwaymetals.com\/wp-content\/uploads\/2022\/03\/ictabPRTMContenuRecycleDes_Icon.jpg\" alt=\"\" width=\"167\" height=\"216\" \/><\/a><\/p>\n<\/td>\n<td>\n<p style=\"text-align: center;\"><strong>Taches de stockage humide sur la t\u00f4le d\u2019acier galvanis\u00e9e et recuite par galvanisation<\/strong><\/p>\n<p style=\"text-align: center;\"><a href=\"https:\/\/agwaymetals.com\/wp-content\/uploads\/2020\/04\/ICTAB-Facts33-11.pdf\" target=\"_blank\" rel=\"noopener\"><img loading=\"lazy\" decoding=\"async\" class=\"alignnone size-full wp-image-23702\" src=\"https:\/\/agwaymetals.com\/wp-content\/uploads\/2022\/03\/ictabPRTMTachesDeStockage_Icon.jpg\" alt=\"\" width=\"167\" height=\"216\" \/><\/a><\/p>\n<\/td>\n<td><\/td>\n<td><\/td>\n<\/tr>\n<\/tbody>\n<\/table>\n<p>&nbsp;<\/p>\n<p><strong>RESSOURCES<\/strong><\/p>\n<table style=\"border: 1px solid #000000;\">\n<colgroup>\n<col style=\"width: 20%;\" \/>\n<col style=\"width: 20%;\" \/>\n<col style=\"width: 20%;\" \/>\n<col style=\"width: 20%;\" \/>\n<col style=\"width: 20%;\" \/> <\/colgroup>\n<tbody>\n<tr>\n<td>\n<p style=\"text-align: center;\"><strong>Lexique de termes courants reli\u00e9s aux produits pour charpente de b\u00e2timent<\/strong><\/p>\n<p style=\"text-align: center;\"><a href=\"https:\/\/agwaymetals.com\/wp-content\/uploads\/2020\/04\/ICTAB-Facts8-13.pdf\" target=\"_blank\" rel=\"noopener\"><img loading=\"lazy\" decoding=\"async\" class=\"alignnone size-full wp-image-23710\" src=\"https:\/\/agwaymetals.com\/wp-content\/uploads\/2022\/03\/ictabRESLexiqueDeTermes_Icon.jpg\" alt=\"\" width=\"167\" height=\"216\" \/><\/a><\/p>\n<\/td>\n<td>\n<p style=\"text-align: center;\"><strong>Calibres et<br \/>\n<\/strong><strong>\u00e9paisseurs de<br \/>\nt\u00f4le d\u2019acier<\/strong><\/p>\n<p style=\"text-align: center;\"><a href=\"https:\/\/agwaymetals.com\/wp-content\/uploads\/2020\/04\/ICTAB-Facts10-12.pdf\" target=\"_blank\" rel=\"noopener\"><img loading=\"lazy\" decoding=\"async\" class=\"alignnone size-full wp-image-23708\" src=\"https:\/\/agwaymetals.com\/wp-content\/uploads\/2022\/03\/ictabRESCalibresEtEpaisseurs_Icon.jpg\" alt=\"\" width=\"167\" height=\"216\" \/><\/a><\/p>\n<\/td>\n<td>\n<p style=\"text-align: center;\"><strong>CSSBI \u2013 Sheet Steel Facts 48, Sheet Steel Building Products Fire Facts (anglais seulment)<\/strong><\/p>\n<p style=\"text-align: center;\"><a href=\"https:\/\/agwaymetals.com\/wp-content\/uploads\/2019\/07\/cssbiFacts48_100.pdf\" target=\"_blank\" rel=\"noopener\"><img loading=\"lazy\" decoding=\"async\" class=\"alignnone size-full wp-image-23640\" src=\"https:\/\/agwaymetals.com\/wp-content\/uploads\/2022\/03\/cssbiRESFact48_Icon.jpg\" alt=\"\" width=\"167\" height=\"216\" \/><\/a><\/p>\n<\/td>\n<td><\/td>\n<td><\/td>\n<\/tr>\n<\/tbody>\n<\/table>\n","protected":false},"excerpt":{"rendered":"<p>&nbsp; PONTAGE M\u00c9TALLIQUE Norme pour les tabliers de toit en acier T\u00f4le d\u2019acier rev\u00eatue d\u2019un enduit m\u00e9tallique pour produits de b\u00e2timents Propri\u00e9t\u00e9s acoustiques du tablier m\u00e9tallique perfor\u00e9 Expos\u00e9 de position de l\u2019ICTAB sur le soudage des tabliers en acier \u00e0 l\u2019aide de rondelles Contenu recycl\u00e9 des produits en acier pour le b\u00e2timent Quelques mots sur [&hellip;]<\/p>\n","protected":false},"author":2,"featured_media":21425,"parent":0,"menu_order":26,"comment_status":"closed","ping_status":"closed","template":"","meta":{"_acf_changed":false,"footnotes":""},"class_list":["post-14400","page","type-page","status-publish","has-post-thumbnail","hentry"],"acf":[],"_links":{"self":[{"href":"https:\/\/agwaymetals.com\/fr\/wp-json\/wp\/v2\/pages\/14400","targetHints":{"allow":["GET"]}}],"collection":[{"href":"https:\/\/agwaymetals.com\/fr\/wp-json\/wp\/v2\/pages"}],"about":[{"href":"https:\/\/agwaymetals.com\/fr\/wp-json\/wp\/v2\/types\/page"}],"author":[{"embeddable":true,"href":"https:\/\/agwaymetals.com\/fr\/wp-json\/wp\/v2\/users\/2"}],"replies":[{"embeddable":true,"href":"https:\/\/agwaymetals.com\/fr\/wp-json\/wp\/v2\/comments?post=14400"}],"version-history":[{"count":8,"href":"https:\/\/agwaymetals.com\/fr\/wp-json\/wp\/v2\/pages\/14400\/revisions"}],"predecessor-version":[{"id":23715,"href":"https:\/\/agwaymetals.com\/fr\/wp-json\/wp\/v2\/pages\/14400\/revisions\/23715"}],"wp:featuredmedia":[{"embeddable":true,"href":"https:\/\/agwaymetals.com\/fr\/wp-json\/wp\/v2\/media\/21425"}],"wp:attachment":[{"href":"https:\/\/agwaymetals.com\/fr\/wp-json\/wp\/v2\/media?parent=14400"}],"curies":[{"name":"wp","href":"https:\/\/api.w.org\/{rel}","templated":true}]}}