{"id":2156,"date":"2017-05-04T17:24:29","date_gmt":"2017-05-04T17:24:29","guid":{"rendered":"https:\/\/agwaymetals.com-2021\/residential-colour-application\/"},"modified":"2021-06-25T02:21:03","modified_gmt":"2021-06-25T02:21:03","slug":"residential-colour-application","status":"publish","type":"page","link":"https:\/\/agwaymetals.com\/fr\/residential-colour-application\/","title":{"rendered":"Residential Colour Application"},"content":{"rendered":"<h1>Pr\u00e9sentation nouvelle Application de couleur agricole de Agway<\/h1>\n<h1>Parce qu&rsquo;une image vaut mille mots<\/h1>\n<p>Ce nouvel outil de Agway rend facile pour les propri\u00e9taires visuellement aper\u00e7u ce que leur nouveau b\u00e2timent agricole ressemblera lors de l&rsquo;incorporation d&rsquo;une vari\u00e9t\u00e9 d&rsquo;options disponibles, dans l&rsquo;un des quatre styles de construction. Pas besoin d&rsquo;imaginer &#8211; la couleur Visualizer vous permet de voir \u00e0 quel point votre nouvelle structure en acier appara\u00eetra dans votre choix pr\u00e9f\u00e9r\u00e9 de la couleur (33 disponibles).<\/p>\n<h1>agricole couleur du b\u00e2timent du visualiseur de Agway est facile \u00e0 utiliser:<\/h1>\n<ol>\n<li>Choisissez votre profil pr\u00e9f\u00e9r\u00e9 des sections cladding &amp; roofing, ou s\u00e9lectionnez flashing.<\/li>\n<li>S\u00e9lectionnez votre pr\u00e9f\u00e9rence de couleur dans la palette de couleurs disponibles pour ce profil ou flashing.<\/li>\n<li>Dans le menu de style, choisissez le type de structure qui repr\u00e9sente le mieux le b\u00e2timent que vous souhaitez cr\u00e9er\/r\u00e9nover.<\/li>\n<li>Cliquez sur le symbole agrandir pour agrandir.<\/li>\n<li>Pour un regard plus d\u00e9taill\u00e9 sur le profil s\u00e9lectionn\u00e9, cliquez simplement sur l&rsquo;image pour l&rsquo;agrandir, puis utiliser le symbole de rotation pour afficher un 360\u00ba simul\u00e9 walk-around.<\/li>\n<li>Pour cr\u00e9er un pdf de vos s\u00e9lections en cours, cliquez sur le bouton pdf et suivre vos instructions informatiques. (Note: Il y aura un bref d\u00e9lai que le programme rend votre pdf.)<\/li>\n<\/ol>\n","protected":false},"excerpt":{"rendered":"<p>Pr\u00e9sentation nouvelle Application de couleur agricole de Agway Parce qu&rsquo;une image vaut mille mots Ce nouvel outil de Agway rend facile pour les propri\u00e9taires visuellement aper\u00e7u ce que leur nouveau b\u00e2timent agricole ressemblera lors de l&rsquo;incorporation d&rsquo;une vari\u00e9t\u00e9 d&rsquo;options disponibles, dans l&rsquo;un des quatre styles de construction. Pas besoin d&rsquo;imaginer &#8211; la couleur Visualizer vous [&hellip;]<\/p>\n","protected":false},"author":1,"featured_media":21453,"parent":0,"menu_order":52,"comment_status":"closed","ping_status":"closed","template":"","meta":{"_acf_changed":false,"footnotes":""},"class_list":["post-2156","page","type-page","status-publish","has-post-thumbnail","hentry"],"acf":[],"_links":{"self":[{"href":"https:\/\/agwaymetals.com\/fr\/wp-json\/wp\/v2\/pages\/2156","targetHints":{"allow":["GET"]}}],"collection":[{"href":"https:\/\/agwaymetals.com\/fr\/wp-json\/wp\/v2\/pages"}],"about":[{"href":"https:\/\/agwaymetals.com\/fr\/wp-json\/wp\/v2\/types\/page"}],"author":[{"embeddable":true,"href":"https:\/\/agwaymetals.com\/fr\/wp-json\/wp\/v2\/users\/1"}],"replies":[{"embeddable":true,"href":"https:\/\/agwaymetals.com\/fr\/wp-json\/wp\/v2\/comments?post=2156"}],"version-history":[{"count":9,"href":"https:\/\/agwaymetals.com\/fr\/wp-json\/wp\/v2\/pages\/2156\/revisions"}],"predecessor-version":[{"id":19726,"href":"https:\/\/agwaymetals.com\/fr\/wp-json\/wp\/v2\/pages\/2156\/revisions\/19726"}],"wp:featuredmedia":[{"embeddable":true,"href":"https:\/\/agwaymetals.com\/fr\/wp-json\/wp\/v2\/media\/21453"}],"wp:attachment":[{"href":"https:\/\/agwaymetals.com\/fr\/wp-json\/wp\/v2\/media?parent=2156"}],"curies":[{"name":"wp","href":"https:\/\/api.w.org\/{rel}","templated":true}]}}