{"id":2165,"date":"2017-07-06T19:37:51","date_gmt":"2017-07-06T19:37:51","guid":{"rendered":"https:\/\/agwaymetals.com-2021\/?page_id=2165\/"},"modified":"2022-06-21T20:01:00","modified_gmt":"2022-06-21T20:01:00","slug":"a-propos-de-nous","status":"publish","type":"page","link":"https:\/\/agwaymetals.com\/fr\/a-propos-de-nous\/","title":{"rendered":"\u00c0 PROPOS DE NOUS"},"content":{"rendered":"\n    <div class=\"page-container \">\n\n\n\n        <\/p>\n<p>\n        <div class=\"secondary_menu\">\n\n            \n                <a href=\"https:\/\/agwaymetals.com\/fr\/associations\/\" aria-label=\"link to Associations\">Associations<\/a>\n\n            \n                <a href=\"https:\/\/agwaymetals.com\/fr\/video-dentreprise\/\" aria-label=\"link to Vid\u00e9o d'entreprise\">Vid\u00e9o d'entreprise<\/a>\n\n            \n        <\/div>\n\n    <\/p>\n<p>\n    <div class=\"text-image-section\">\n\n\n\n        <div class=\"text-image-container moretext\">\n\n\n\n            <div class=\"text-image-left\" data-aos=\"fade-up\">\n\n                <div class=\"title\"><h2>C\u2019est ce qui rend Agway plus facile \u00e0 faire des affaires<\/h2><\/div>\n\n                <div class=\"content\">\n\n                    <p>\n\n                        <\/p>\n<p>Les solutions ax\u00e9es sur les r\u00e9sultats ne r\u00e9ussissent que dans des relations bas\u00e9es sur l&rsquo;honn\u00eatet\u00e9, l&rsquo;expertise et l&rsquo;action. Depuis plus de 40 ans, les diverses solutions d&rsquo;Agway comprennent une gamme de gammes de produits ax\u00e9es sur les applications des march\u00e9s r\u00e9sidentiels, agricoles, industriels, commerciaux et institutionnels. Agway veille \u00e0 ce que chaque solution acier qu&rsquo;elle propose satisfasse ou d\u00e9passe les demandes et attentes sp\u00e9cifiques du client.<\/p>\n<p>C\u2019est l\u2019expertise, la diligence et la r\u00e9activit\u00e9 de notre personnel qui garantissent que nous fournissons des solutions en acier qui fonctionnent. Des bardages, toitures et terrasses, aux accessoires sp\u00e9cialis\u00e9s et aux formes form\u00e9es sur mesure pour des projets de construction innovants, le leadership de l&rsquo;industrie et les gammes de produits d&rsquo;Agway sont compl\u00e9t\u00e9s par les connaissances sp\u00e9cialis\u00e9es, l&rsquo;engagement et la r\u00e9activit\u00e9 de nos employ\u00e9s, qui garantissent que chaque client trouve Agway plus facile. faire affaire avec.<\/p>\n<p>En tant qu&rsquo;individus, chacun d&rsquo;entre nous chez Agway attend et exige les normes les plus \u00e9lev\u00e9es d&rsquo;int\u00e9grit\u00e9 et de comportement \u00e9thique dans tout ce que nous faisons &#8211; de la part de nous-m\u00eames et de tous les coll\u00e8gues et membres de l&rsquo;\u00e9quipe. Ces croyances et valeurs partag\u00e9es sont la base sur laquelle nous continuons \u00e0 b\u00e2tir des relations de confiance et de partenariat de longue date entre nos clients, qui sont la pierre angulaire de notre succ\u00e8s.<\/p>\n<p>\n                    <\/p>\n\n                <\/div>\n\n                \n            <\/div>\n\n            <div class=\"text-image-right\" data-aos=\"fade-up\">\n\n                <img decoding=\"async\" src=\"\/wp-content\/uploads\/2020\/12\/about-right-image.png\" alt=\"supporting image on right\">\n\n            <\/div>\n\n        <\/div>\n\n\n\n    <\/div>\n\n    <\/p>\n<p>\n    <div class=\"box-with-image-section\">\n\n        <div class=\"box-with-image-wrap\">\n\n             \n    <div class=\"box-with-image-item\">\n\n\n\n        <a href=\"#\" aria-label=\"link to \u00c9nonc\u00e9 de mission\"\n\n           target=\"_self\">\n\n            <div class=\"content\">\n\n\n\n                <div class=\"content-overlay\"><\/div>\n\n                <div class=\"content-img-wrap\">\n\n                    <img decoding=\"async\" class=\"content-image\" src=\"\/wp-content\/uploads\/2021\/01\/back-img.png\" alt=\"background image for \u00c9nonc\u00e9 de mission\">\n\n                <\/div>\n\n                <div class=\"content-details\" data-aos=\"fade-up\">\n\n\n\n                    <div class=\"button-div\">\n\n                        <h4>\n\n                            \u00c9nonc\u00e9 de mission\n                        <\/h4>\n\n                    <\/div>\n\n                    <div class=\"button-content\"><p>\n\n                            En partenariat avec nos employ\u00e9s, nous cr\u00e9ons des relations de vie avec nos clients en leur offrant une exp\u00e9rience exceptionnelle.\n                        <\/p><\/div>\n\n                <\/div>\n\n\n\n            <\/div>\n\n        <\/a>\n\n    <\/div>\n\n\n\n\n\n    \n    <div class=\"box-with-image-item\">\n\n\n\n        <a href=\"#\" aria-label=\"link to Comp\u00e9tence de base\"\n\n           target=\"_self\">\n\n            <div class=\"content\">\n\n\n\n                <div class=\"content-overlay\"><\/div>\n\n                <div class=\"content-img-wrap\">\n\n                    <img decoding=\"async\" class=\"content-image\" src=\"\/wp-content\/uploads\/2021\/01\/back-img.png\" alt=\"background image for Comp\u00e9tence de base\">\n\n                <\/div>\n\n                <div class=\"content-details\" data-aos=\"fade-up\">\n\n\n\n                    <div class=\"button-div\">\n\n                        <h4>\n\n                            Comp\u00e9tence de base\n                        <\/h4>\n\n                    <\/div>\n\n                    <div class=\"button-content\"><p>\n\n                             Service et flexibilit\u00e9 sans pr\u00e9c\u00e9dent, devenant \u00abplus facile \u00e0 faire des affaires\u00bb avec tout ce que nous faisons pour nos clients.\n                        <\/p><\/div>\n\n                <\/div>\n\n\n\n            <\/div>\n\n        <\/a>\n\n    <\/div>\n\n\n\n\n\n    \n        <\/div>\n\n    <\/div>\n\n    <\/p>\n<p>\n    <div class=\"alterante-image-text-section\">\n\n        <div class=\"alterante-image-text-container\">\n\n            \n            \n\n\n    <div class=\"alternate-image-text-wrap\" data-aos=\"fade-up\"\n\n         data-aos-duration=\"1000\">\n\n\n\n        <div class=\"alterante-image col\">\n\n            <div class=\"content-overlay\"><\/div>\n\n            <div class=\"image\">\n\n                <img decoding=\"async\" src=\"\/wp-content\/uploads\/2020\/12\/banner-1-1.png\" alt=\"supporting image\">\n\n            <\/div>\n\n        <\/div>\n\n\n\n        <div class=\"alternate-text col\">\n\n            <div class=\"title\"><h3>La gestion<\/h3><\/div>\n\n            <div class=\"content\">\n\n                <p>\n\n                    Chez Agway, nous savons que notre succ\u00e8s d\u00e9pend enti\u00e8rement du succ\u00e8s de nos clients. ** C\u2019est pourquoi toutes les fonctions et processus d\u2019affaires visent \u00e0 rendre Agway plus facile \u00e0 g\u00e9rer que quiconque &#8211; une promesse d\u2019entreprise \u00e0 laquelle nous souscrivons tous et pratiquons avec engagement. Cela exige que nous r\u00e9agissions rapidement et de mani\u00e8re d\u00e9cisive pour r\u00e9soudre les probl\u00e8mes et garantir le maintien de la validit\u00e9 de cette promesse.\n                <\/p>\n\n            <\/div>\n\n            \n        <\/div>\n\n    <\/div>\n\n\n\n\n\n    \n\n\n    <div class=\"alternate-image-text-wrap\" data-aos=\"fade-up\"\n\n         data-aos-duration=\"1000\">\n\n\n\n        <div class=\"alterante-image col\">\n\n            <div class=\"content-overlay\"><\/div>\n\n            <div class=\"image\">\n\n                <img decoding=\"async\" src=\"\/wp-content\/uploads\/2020\/12\/banner-2.png\" alt=\"supporting image\">\n\n            <\/div>\n\n        <\/div>\n\n\n\n        <div class=\"alternate-text col\">\n\n            <div class=\"title\"><h3>\u00c0 la poursuite de la perfection<\/h3><\/div>\n\n            <div class=\"content\">\n\n                <p>\n\n                    Puisque nous sommes humains, atteindre la perfection dans nos op\u00e9rations est impossible. Cela ne nous emp\u00eache pas de nous efforcer chaque jour de nous en rapprocher un peu plus. Si nous commettons une erreur, les \u00e9quipes Agway appropri\u00e9es passent imm\u00e9diatement \u00e0 l&rsquo;action et travaillent de concert pour rem\u00e9dier rapidement au probl\u00e8me. Si quelque chose ne va pas, nous y rem\u00e9dierons, c\u2019est une promesse sur laquelle vous pouvez compter.\n                <\/p>\n\n            <\/div>\n\n            \n        <\/div>\n\n    <\/div>\n\n\n\n\n\n    <\/p>\n<p>\n\n\n    <div class=\"alternate-image-text-wrap\" data-aos=\"fade-up\"\n\n         data-aos-duration=\"1000\">\n\n\n\n        <div class=\"alterante-image col\">\n\n            <div class=\"content-overlay\"><\/div>\n\n            <div class=\"image\">\n\n                <img decoding=\"async\" src=\"\/wp-content\/uploads\/2020\/12\/banner-3.png\" alt=\"supporting image\">\n\n            <\/div>\n\n        <\/div>\n\n\n\n        <div class=\"alternate-text col\">\n\n            <div class=\"title\"><h3>Ventes<\/h3><\/div>\n\n            <div class=\"content\">\n\n                <p>\n\n                    Le personnel de vente d&rsquo;Agway fait partie de nos plus grandes ressources, car leur expertise et leur engagement vont bien au-del\u00e0 de la connaissance des produits et dans le domaine des fournisseurs de solutions collaboratives. Nous savons que la satisfaction de la client\u00e8le est motiv\u00e9e par la fa\u00e7on dont nous interagissons et servons nos clients, et que chacun de nos vendeurs personnifie notre marque. Par cons\u00e9quent, chacun d&rsquo;eux est v\u00e9ritablement engag\u00e9 \u00e0 concr\u00e9tiser notre promesse d&rsquo;entreprise d&rsquo;\u00eatre \u00abplus facile \u00e0 faire des affaires\u00bb, une promesse profond\u00e9ment ancr\u00e9e dans le tissu de notre culture d&rsquo;entreprise.<br \/>\n\n                <\/p>\n\n            <\/div>\n\n            \n        <\/div>\n\n    <\/div>\n\n\n\n\n\n    <\/p>\n<p>\n\n\n    <div class=\"alternate-image-text-wrap\" data-aos=\"fade-up\"\n\n         data-aos-duration=\"1000\">\n\n\n\n        <div class=\"alterante-image col\">\n\n            <div class=\"content-overlay\"><\/div>\n\n            <div class=\"image\">\n\n                <img decoding=\"async\" src=\"\/wp-content\/uploads\/2020\/12\/banner-4.png\" alt=\"supporting image\">\n\n            <\/div>\n\n        <\/div>\n\n\n\n        <div class=\"alternate-text col\">\n\n            <div class=\"title\"><h3>Fabrication<\/h3><\/div>\n\n            <div class=\"content\">\n\n                <p>\n\n                    Chaque individu chez Agway partage un engagement profond \u00e0 s&rsquo;assurer que nous respectons notre engagement de qualit\u00e9 des produits 100% du temps. De nos plus grands panneaux aux minuscules vis, la perfection est notre objectif de produit quotidien, c&rsquo;est pourquoi la qualit\u00e9 est quelque chose que les clients d&rsquo;Agway tiennent pour acquis &#8211; et dont nous sommes tr\u00e8s fiers. Notre concentration sur la qualit\u00e9 de fabrication de nos produits aide nos sp\u00e9cialistes de la fabrication \u00e0 \u00e9tablir les normes de l&rsquo;industrie.<\/p>\n<p>\n                <\/p>\n\n            <\/div>\n\n            \n        <\/div>\n\n    <\/div>\n\n\n\n\n\n    <\/p>\n<p>\n\n\n    <div class=\"alternate-image-text-wrap\" data-aos=\"fade-up\"\n\n         data-aos-duration=\"1000\">\n\n\n\n        <div class=\"alterante-image col\">\n\n            <div class=\"content-overlay\"><\/div>\n\n            <div class=\"image\">\n\n                <img decoding=\"async\" src=\"\/wp-content\/uploads\/2020\/12\/banner-5.png\" alt=\"supporting image\">\n\n            <\/div>\n\n        <\/div>\n\n\n\n        <div class=\"alternate-text col\">\n\n            <div class=\"title\"><h3>Exp\u00e9dition<\/h3><\/div>\n\n            <div class=\"content\">\n\n                <p>\n\n                    Chaque \u00e9tape de notre processus commercial est essentielle pour fournir des solutions correctes et ponctuelles aux clients, chez Agway, l&rsquo;exp\u00e9dition n&rsquo;est jamais une r\u00e9flexion apr\u00e8s coup; il s&rsquo;agit plut\u00f4t de la derni\u00e8re \u00e9tape de la cha\u00eene d&rsquo;approvisionnement et, en tant que telle, est aussi importante que toute autre \u00e9tape. Nous reconnaissons que le timing est essentiel et aspirons \u00e0 une politique de tol\u00e9rance z\u00e9ro.<br \/>\n\n                <\/p>\n\n            <\/div>\n\n            \n        <\/div>\n\n    <\/div>\n\n\n\n\n\n    \n\n\n        <\/div>\n\n    <\/div>\n\n    <\/p>\n<p>\n\n\n    <\/div>\n\n    \n<p>&nbsp;<\/p>\n","protected":false},"excerpt":{"rendered":"<p>&nbsp;<\/p>\n","protected":false},"author":2,"featured_media":21461,"parent":0,"menu_order":4,"comment_status":"closed","ping_status":"closed","template":"","meta":{"_acf_changed":false,"footnotes":""},"class_list":["post-2165","page","type-page","status-publish","has-post-thumbnail","hentry"],"acf":[],"_links":{"self":[{"href":"https:\/\/agwaymetals.com\/fr\/wp-json\/wp\/v2\/pages\/2165","targetHints":{"allow":["GET"]}}],"collection":[{"href":"https:\/\/agwaymetals.com\/fr\/wp-json\/wp\/v2\/pages"}],"about":[{"href":"https:\/\/agwaymetals.com\/fr\/wp-json\/wp\/v2\/types\/page"}],"author":[{"embeddable":true,"href":"https:\/\/agwaymetals.com\/fr\/wp-json\/wp\/v2\/users\/2"}],"replies":[{"embeddable":true,"href":"https:\/\/agwaymetals.com\/fr\/wp-json\/wp\/v2\/comments?post=2165"}],"version-history":[{"count":19,"href":"https:\/\/agwaymetals.com\/fr\/wp-json\/wp\/v2\/pages\/2165\/revisions"}],"predecessor-version":[{"id":23938,"href":"https:\/\/agwaymetals.com\/fr\/wp-json\/wp\/v2\/pages\/2165\/revisions\/23938"}],"wp:featuredmedia":[{"embeddable":true,"href":"https:\/\/agwaymetals.com\/fr\/wp-json\/wp\/v2\/media\/21461"}],"wp:attachment":[{"href":"https:\/\/agwaymetals.com\/fr\/wp-json\/wp\/v2\/media?parent=2165"}],"curies":[{"name":"wp","href":"https:\/\/api.w.org\/{rel}","templated":true}]}}