{"id":21695,"date":"2021-07-07T15:50:36","date_gmt":"2021-07-07T15:50:36","guid":{"rendered":"https:\/\/agwaymetals.com\/?page_id=21695"},"modified":"2025-06-11T14:15:33","modified_gmt":"2025-06-11T14:15:33","slug":"strategies","status":"publish","type":"page","link":"https:\/\/agwaymetals.com\/fr\/strategies\/","title":{"rendered":"Strat\u00e9gies"},"content":{"rendered":"<p>&nbsp;<\/p>\n<h5><a href=\"https:\/\/agwaymetals.com\/wp-content\/uploads\/2021\/07\/amAODAPolicyFR_200.pdf\" target=\"_blank\" rel=\"noopener\">LAPHO \u2013 \u00c9nonc\u00e9 d\u2019engagement envers l\u2019accessibilit\u00e9<\/a><\/h5>\n<h5><a href=\"https:\/\/agwaymetals.com\/wp-content\/uploads\/2021\/07\/amEnvironmentalPolicyFR_200.pdf\" target=\"_blank\" rel=\"noopener\">Politique environnementale<\/a><\/h5>\n<h5><a href=\"https:\/\/agwaymetals.com\/wp-content\/uploads\/2021\/07\/amHealthSafetyPolicyFR_200.pdf\" target=\"_blank\" rel=\"noopener\">Politique en mati\u00e8re de sant\u00e9 et de s\u00e9curit\u00e9<\/a><\/h5>\n<h5><a href=\"https:\/\/agwaymetals.com\/wp-content\/uploads\/2021\/07\/amWorkplacePolicyFR_200.pdf\" target=\"_blank\" rel=\"noopener\">Politique relative \u00e0 la violence et au harc\u00e8lement au travail<\/a><\/h5>\n<h5><a href=\"https:\/\/agwaymetals.com\/wp-content\/uploads\/2025\/06\/Bailey-Hunt-Limited-and-its-subsidiaries-2024-Rapport-Annuel-S211-FINAL-1.pdf\" target=\"_blank\" rel=\"noopener\">Loi sur la lutte contre le travail forc\u00e9 et le travail des enfants dans les chaines d\u2019approvisionnement<\/a><\/h5>\n<p>&nbsp;<\/p>\n","protected":false},"excerpt":{"rendered":"<p>&nbsp; LAPHO \u2013 \u00c9nonc\u00e9 d\u2019engagement envers l\u2019accessibilit\u00e9 Politique environnementale Politique en mati\u00e8re de sant\u00e9 et de s\u00e9curit\u00e9 Politique relative \u00e0 la violence et au harc\u00e8lement au travail Loi sur la lutte contre le travail forc\u00e9 et le travail des enfants dans les chaines d\u2019approvisionnement &nbsp;<\/p>\n","protected":false},"author":2,"featured_media":21474,"parent":0,"menu_order":44,"comment_status":"closed","ping_status":"closed","template":"","meta":{"_acf_changed":false,"footnotes":""},"class_list":["post-21695","page","type-page","status-publish","has-post-thumbnail","hentry"],"acf":[],"_links":{"self":[{"href":"https:\/\/agwaymetals.com\/fr\/wp-json\/wp\/v2\/pages\/21695","targetHints":{"allow":["GET"]}}],"collection":[{"href":"https:\/\/agwaymetals.com\/fr\/wp-json\/wp\/v2\/pages"}],"about":[{"href":"https:\/\/agwaymetals.com\/fr\/wp-json\/wp\/v2\/types\/page"}],"author":[{"embeddable":true,"href":"https:\/\/agwaymetals.com\/fr\/wp-json\/wp\/v2\/users\/2"}],"replies":[{"embeddable":true,"href":"https:\/\/agwaymetals.com\/fr\/wp-json\/wp\/v2\/comments?post=21695"}],"version-history":[{"count":13,"href":"https:\/\/agwaymetals.com\/fr\/wp-json\/wp\/v2\/pages\/21695\/revisions"}],"predecessor-version":[{"id":25670,"href":"https:\/\/agwaymetals.com\/fr\/wp-json\/wp\/v2\/pages\/21695\/revisions\/25670"}],"wp:featuredmedia":[{"embeddable":true,"href":"https:\/\/agwaymetals.com\/fr\/wp-json\/wp\/v2\/media\/21474"}],"wp:attachment":[{"href":"https:\/\/agwaymetals.com\/fr\/wp-json\/wp\/v2\/media?parent=21695"}],"curies":[{"name":"wp","href":"https:\/\/api.w.org\/{rel}","templated":true}]}}