{"id":23351,"date":"2022-01-19T16:32:45","date_gmt":"2022-01-19T16:32:45","guid":{"rendered":"https:\/\/agwaymetals.com\/?page_id=23351"},"modified":"2026-04-23T13:29:57","modified_gmt":"2026-04-23T13:29:57","slug":"documents-imprimes-2","status":"publish","type":"page","link":"https:\/\/agwaymetals.com\/fr\/documents-imprimes-2\/","title":{"rendered":"Documents imprim\u00e9s"},"content":{"rendered":"<p>&nbsp;<\/p>\n<p>&nbsp;<\/p>\n<p>&nbsp;<\/p>\n<p>&nbsp;<\/p>\n<table style=\"border: 1px solid #000000;\">\n<colgroup>\n<col style=\"width: 20%;\" \/>\n<col style=\"width: 20%;\" \/>\n<col style=\"width: 20%;\" \/>\n<col style=\"width: 20%;\" \/>\n<col style=\"width: 20%;\" \/> <\/colgroup>\n<tbody>\n<tr>\n<td>&nbsp;<\/p>\n<p style=\"text-align: center;\"><strong>Brochure commerciale Arbor Plank<\/strong><\/p>\n<p style=\"text-align: center;\"><a href=\"https:\/\/agwaymetals.com\/wp-content\/uploads\/2026\/03\/apSalesBrochureFRMar2026_102.pdf\" target=\"_blank\" rel=\"noopener\"><img loading=\"lazy\" decoding=\"async\" class=\"alignnone wp-image-25950\" src=\"https:\/\/agwaymetals.com\/wp-content\/uploads\/2026\/03\/apSalesBrochureIcon_Mar2026_101.jpg\" alt=\"\" width=\"167\" height=\"216\" \/><\/a><\/p>\n<p>&nbsp;<\/td>\n<td>&nbsp;<\/p>\n<p style=\"text-align: center;\"><strong>Toitures m\u00e9talliques<\/strong><\/p>\n<p style=\"text-align: center;\"><a href=\"https:\/\/agwaymetals.com\/wp-content\/uploads\/2026\/01\/Roofing-Sales-Brochure-French.pdf\" target=\"_blank\" rel=\"noopener\"><img loading=\"lazy\" decoding=\"async\" class=\"alignnone wp-image-25950\" src=\"https:\/\/agwaymetals.com\/wp-content\/uploads\/2026\/01\/Roofing-Sales-Brochure-French-1-791x1024.jpg\" alt=\"\" width=\"167\" height=\"216\" srcset=\"https:\/\/agwaymetals.com\/wp-content\/uploads\/2026\/01\/Roofing-Sales-Brochure-French-1-791x1024.jpg 791w, https:\/\/agwaymetals.com\/wp-content\/uploads\/2026\/01\/Roofing-Sales-Brochure-French-1-312x404.jpg 312w, https:\/\/agwaymetals.com\/wp-content\/uploads\/2026\/01\/Roofing-Sales-Brochure-French-1-768x994.jpg 768w, https:\/\/agwaymetals.com\/wp-content\/uploads\/2026\/01\/Roofing-Sales-Brochure-French-1-1187x1536.jpg 1187w, https:\/\/agwaymetals.com\/wp-content\/uploads\/2026\/01\/Roofing-Sales-Brochure-French-1-1200x1553.jpg 1200w, https:\/\/agwaymetals.com\/wp-content\/uploads\/2026\/01\/Roofing-Sales-Brochure-French-1.jpg 1275w\" sizes=\"auto, (max-width: 167px) 100vw, 167px\" \/><\/a><\/p>\n<p>&nbsp;<\/td>\n<td>&nbsp;<\/p>\n<p style=\"text-align: center;\"><strong>S\u00e9rie HF<\/strong><b><br \/>\n<\/b><\/p>\n<p style=\"text-align: center;\"><a href=\"https:\/\/agwaymetals.com\/wp-content\/uploads\/2026\/01\/HF-Series-Sales-Brochure-FRENCH.pdf\" target=\"_blank\" rel=\"noopener\"><img loading=\"lazy\" decoding=\"async\" class=\"alignnone wp-image-25944\" src=\"https:\/\/agwaymetals.com\/wp-content\/uploads\/2026\/01\/HF-Series-Sales-Brochure-French-1-791x1024.jpg\" alt=\"\" width=\"167\" height=\"216\" srcset=\"https:\/\/agwaymetals.com\/wp-content\/uploads\/2026\/01\/HF-Series-Sales-Brochure-French-1-791x1024.jpg 791w, https:\/\/agwaymetals.com\/wp-content\/uploads\/2026\/01\/HF-Series-Sales-Brochure-French-1-312x404.jpg 312w, https:\/\/agwaymetals.com\/wp-content\/uploads\/2026\/01\/HF-Series-Sales-Brochure-French-1-768x994.jpg 768w, https:\/\/agwaymetals.com\/wp-content\/uploads\/2026\/01\/HF-Series-Sales-Brochure-French-1-1187x1536.jpg 1187w, https:\/\/agwaymetals.com\/wp-content\/uploads\/2026\/01\/HF-Series-Sales-Brochure-French-1-1200x1553.jpg 1200w, https:\/\/agwaymetals.com\/wp-content\/uploads\/2026\/01\/HF-Series-Sales-Brochure-French-1.jpg 1275w\" sizes=\"auto, (max-width: 167px) 100vw, 167px\" \/><\/a><\/p>\n<p>&nbsp;<\/td>\n<td>&nbsp;<\/p>\n<p style=\"text-align: center;\"><strong>Stratus<\/strong><\/p>\n<p style=\"text-align: center;\"><a href=\"https:\/\/agwaymetals.com\/wp-content\/uploads\/2026\/01\/Stratus-Sales-Brochure-FRENCH.pdf\" target=\"_blank\" rel=\"noopener\"><img loading=\"lazy\" decoding=\"async\" class=\"alignnone wp-image-25946\" src=\"https:\/\/agwaymetals.com\/wp-content\/uploads\/2026\/01\/Stratus-Sales-Brochure-French-1-791x1024.jpg\" alt=\"\" width=\"167\" height=\"216\" srcset=\"https:\/\/agwaymetals.com\/wp-content\/uploads\/2026\/01\/Stratus-Sales-Brochure-French-1-791x1024.jpg 791w, https:\/\/agwaymetals.com\/wp-content\/uploads\/2026\/01\/Stratus-Sales-Brochure-French-1-312x404.jpg 312w, https:\/\/agwaymetals.com\/wp-content\/uploads\/2026\/01\/Stratus-Sales-Brochure-French-1-768x994.jpg 768w, https:\/\/agwaymetals.com\/wp-content\/uploads\/2026\/01\/Stratus-Sales-Brochure-French-1-1187x1536.jpg 1187w, https:\/\/agwaymetals.com\/wp-content\/uploads\/2026\/01\/Stratus-Sales-Brochure-French-1-1200x1553.jpg 1200w, https:\/\/agwaymetals.com\/wp-content\/uploads\/2026\/01\/Stratus-Sales-Brochure-French-1.jpg 1275w\" sizes=\"auto, (max-width: 167px) 100vw, 167px\" \/><\/a><\/p>\n<p>&nbsp;<\/td>\n<td>&nbsp;<\/p>\n<p style=\"text-align: center;\"><strong>Tableau des couleurs<\/strong><\/p>\n<p style=\"text-align: center;\"><a href=\"https:\/\/agwaymetals.com\/wp-content\/uploads\/2025\/09\/Agway-Metals-Colour-Chart-Sept-2025-1.pdf\" target=\"_blank\" rel=\"noopener\"><img loading=\"lazy\" decoding=\"async\" class=\"alignnone wp-image-25764\" src=\"https:\/\/agwaymetals.com\/wp-content\/uploads\/2025\/09\/Colour-Chart-Sept-4-2025-THUMBNAIL.jpg-312x404.png\" alt=\"\" width=\"167\" height=\"216\" srcset=\"https:\/\/agwaymetals.com\/wp-content\/uploads\/2025\/09\/Colour-Chart-Sept-4-2025-THUMBNAIL.jpg-312x404.png 312w, https:\/\/agwaymetals.com\/wp-content\/uploads\/2025\/09\/Colour-Chart-Sept-4-2025-THUMBNAIL.jpg.png 386w\" sizes=\"auto, (max-width: 167px) 100vw, 167px\" \/><\/a><\/p>\n<p>&nbsp;<\/td>\n<\/tr>\n<tr>\n<td>\n<p style=\"text-align: center;\"><strong>Guide de s\u00e9l\u00e9ction des profil\u00e9s et disponibilit\u00e9 des couleurs<\/strong><\/p>\n<p style=\"text-align: center;\"><a href=\"https:\/\/agwaymetals.com\/wp-content\/uploads\/2025\/05\/Profile-Selection-Colour-Availability-April-2026-Online-1.pdf\" target=\"_blank\" rel=\"noopener\"><img loading=\"lazy\" decoding=\"async\" class=\"alignnone wp-image-26387\" src=\"https:\/\/agwaymetals.com\/wp-content\/uploads\/2026\/04\/Profile-Selection-Colour-Availability-April-2026-Online-791x1024.jpg\" alt=\"\" width=\"167\" height=\"216\" srcset=\"https:\/\/agwaymetals.com\/wp-content\/uploads\/2026\/04\/Profile-Selection-Colour-Availability-April-2026-Online-791x1024.jpg 791w, https:\/\/agwaymetals.com\/wp-content\/uploads\/2026\/04\/Profile-Selection-Colour-Availability-April-2026-Online-312x404.jpg 312w, https:\/\/agwaymetals.com\/wp-content\/uploads\/2026\/04\/Profile-Selection-Colour-Availability-April-2026-Online-768x994.jpg 768w, https:\/\/agwaymetals.com\/wp-content\/uploads\/2026\/04\/Profile-Selection-Colour-Availability-April-2026-Online-1187x1536.jpg 1187w, https:\/\/agwaymetals.com\/wp-content\/uploads\/2026\/04\/Profile-Selection-Colour-Availability-April-2026-Online-1200x1553.jpg 1200w, https:\/\/agwaymetals.com\/wp-content\/uploads\/2026\/04\/Profile-Selection-Colour-Availability-April-2026-Online.jpg 1275w\" sizes=\"auto, (max-width: 167px) 100vw, 167px\" \/><\/a><\/p>\n<p style=\"text-align: center;\"><a href=\"https:\/\/agwaymetals.com\/wp-content\/uploads\/2025\/05\/Profile-Selection-Colour-Availability-April-2026.pdf\" target=\"_blank\" rel=\"noopener\">version \u00e0 imprimer<\/a><\/p>\n<\/td>\n<td>\n<p style=\"text-align: center;\"><strong>Brochure<br \/>\ncorporative<\/strong><\/p>\n<p style=\"text-align: center;\"><a href=\"https:\/\/agwaymetals.com\/wp-content\/uploads\/2019\/01\/amCorpBroch24Fr_105.pdf\" target=\"_blank\" rel=\"noopener\"><img loading=\"lazy\" decoding=\"async\" class=\"alignnone size-full wp-image-23376\" src=\"https:\/\/agwaymetals.com\/wp-content\/uploads\/2022\/01\/corpBrochureIconFR_101.jpg\" alt=\"\" width=\"167\" height=\"216\" \/><\/a><\/p>\n<p style=\"text-align: center;\"><a href=\"https:\/\/agwaymetals.com\/wp-content\/uploads\/2019\/01\/amCorpBroch24PFFr_105.pdf\" target=\"_blank\" rel=\"noopener\">version \u00e0 imprimer<\/a><\/p>\n<\/td>\n<td>\n<p style=\"text-align: center;\"><strong>Brochure sur les<br \/>\ntoitures d\u2019acier r\u00e9sidentielles<\/strong><\/p>\n<p style=\"text-align: center;\"><a href=\"https:\/\/agwaymetals.com\/wp-content\/uploads\/2021\/08\/resRoofBroch2024Fr_100.pdf\" target=\"_blank\" rel=\"noopener\"><img loading=\"lazy\" decoding=\"async\" class=\"alignnone size-full wp-image-23390\" src=\"https:\/\/agwaymetals.com\/wp-content\/uploads\/2022\/01\/resRoofBrochIconFR_101.jpg\" alt=\"\" width=\"167\" height=\"216\" \/><\/a><\/p>\n<p style=\"text-align: center;\"><a href=\"https:\/\/agwaymetals.com\/wp-content\/uploads\/2021\/08\/resRoofBroch2024FrPF_100.pdf\" target=\"_blank\" rel=\"noopener\">version \u00e0 imprimer<\/a><\/p>\n<\/td>\n<td>\n<p style=\"text-align: center;\"><strong>Tableau de disponibilit\u00e9 des stocks \u2013<br \/>\nProduits plats<\/strong><\/p>\n<p><a href=\"https:\/\/agwaymetals.com\/wp-content\/uploads\/2022\/07\/amFlatSheetAvailability_216.pdf\" target=\"_blank\" rel=\"noopener\"><img loading=\"lazy\" decoding=\"async\" class=\"alignnone size-full wp-image-23299 aligncenter\" src=\"https:\/\/agwaymetals.com\/wp-content\/uploads\/2022\/01\/flatSheetAvailabilityIcon_101.jpg\" alt=\"\" width=\"167\" height=\"216\" \/><\/a><\/p>\n<p>&nbsp;<\/td>\n<td>\n<p style=\"text-align: center;\"><strong>Trusscore Wall &amp; Ceiling Board<br \/>\n(anglais seulement)<\/strong><\/p>\n<p><a href=\"https:\/\/agwaymetals.com\/wp-content\/uploads\/2021\/09\/pla_WCBProductSheet.pdf\" target=\"_blank\" rel=\"noopener\"><img loading=\"lazy\" decoding=\"async\" class=\"size-full wp-image-23325 aligncenter\" src=\"https:\/\/agwaymetals.com\/wp-content\/uploads\/2022\/01\/trusscoreBrochureIcon_101.jpg\" alt=\"\" width=\"167\" height=\"216\" \/><\/a><\/p>\n<p>&nbsp;<\/td>\n<\/tr>\n<tr>\n<td>\n<p style=\"text-align: center;\"><strong>Produits Plus \u2013<br \/>\nAgricoles<\/strong><\/p>\n<p style=\"text-align: center;\"><a href=\"https:\/\/agwaymetals.com\/wp-content\/uploads\/2020\/05\/productPlusAgriFR_123.pdf\" target=\"_blank\" rel=\"noopener\"><img loading=\"lazy\" decoding=\"async\" class=\"alignnone size-full wp-image-23380\" src=\"https:\/\/agwaymetals.com\/wp-content\/uploads\/2022\/01\/productPlusAgriIconFR_101.jpg\" alt=\"\" width=\"167\" height=\"216\" \/><\/a><\/p>\n<p style=\"text-align: center;\"><a href=\"https:\/\/agwaymetals.com\/wp-content\/uploads\/2020\/05\/productPlusAgriFR_PF_123.pdf\" target=\"_blank\" rel=\"noopener\">version \u00e0 imprimer<\/a><\/p>\n<\/td>\n<td>\n<p style=\"text-align: center;\"><strong>Produits Plus \u2013<br \/>\nR\u00e9sidentielles<\/strong><\/p>\n<p style=\"text-align: center;\"><a href=\"https:\/\/agwaymetals.com\/wp-content\/uploads\/2020\/05\/productPlusResFR_123.pdf\" target=\"_blank\" rel=\"noopener\"><img loading=\"lazy\" decoding=\"async\" class=\"alignnone size-full wp-image-23388\" src=\"https:\/\/agwaymetals.com\/wp-content\/uploads\/2022\/01\/productPlusResIconFR_101.jpg\" alt=\"\" width=\"167\" height=\"216\" \/><\/a><\/p>\n<p style=\"text-align: center;\"><a href=\"https:\/\/agwaymetals.com\/wp-content\/uploads\/2020\/05\/productPlusResFR_PF_123.pdf\" target=\"_blank\" rel=\"noopener\">version \u00e0 imprimer<\/a><\/p>\n<\/td>\n<td>\n<p style=\"text-align: center;\"><strong>Produits Plus \u2013 Parements<br \/>\nMuraux Commerciaux<\/strong><\/p>\n<p style=\"text-align: center;\"><a href=\"https:\/\/agwaymetals.com\/wp-content\/uploads\/2020\/05\/productPlusCommCladFR_123.pdf\" target=\"_blank\" rel=\"noopener\"><img loading=\"lazy\" decoding=\"async\" class=\"alignnone size-full wp-image-23382\" src=\"https:\/\/agwaymetals.com\/wp-content\/uploads\/2022\/01\/productPlusCommCladIconFR_101.jpg\" alt=\"\" width=\"167\" height=\"216\" \/><\/a><\/p>\n<p style=\"text-align: center;\"><a href=\"https:\/\/agwaymetals.com\/wp-content\/uploads\/2020\/05\/productPlusCommCladFR_PF_123.pdf\" target=\"_blank\" rel=\"noopener\">version \u00e0 imprimer<\/a><\/p>\n<\/td>\n<td>\n<p style=\"text-align: center;\"><strong>Produits Plus \u2013<br \/>\nToiture de M\u00e9tal<\/strong><\/p>\n<p style=\"text-align: center;\"><a href=\"https:\/\/agwaymetals.com\/wp-content\/uploads\/2020\/05\/productPlusCommMetalRoofFR_123.pdf\" target=\"_blank\" rel=\"noopener\"><img loading=\"lazy\" decoding=\"async\" class=\"alignnone size-full wp-image-23384\" src=\"https:\/\/agwaymetals.com\/wp-content\/uploads\/2022\/01\/productPlusCommMetalRoofIconFR_101.jpg\" alt=\"\" width=\"167\" height=\"216\" \/><\/a><\/p>\n<p style=\"text-align: center;\"><a href=\"https:\/\/agwaymetals.com\/wp-content\/uploads\/2020\/05\/productPlusCommMetalRoofFR_PF_123.pdf\" target=\"_blank\" rel=\"noopener\">version \u00e0 imprimer<\/a><\/p>\n<\/td>\n<td>\n<p style=\"text-align: center;\"><strong>Produits Plus \u2013 Tabliers de<br \/>\nToiture et de Plancher<\/strong><\/p>\n<p style=\"text-align: center;\"><a href=\"https:\/\/agwaymetals.com\/wp-content\/uploads\/2020\/05\/productPlusCommRFDFR_123.pdf\" target=\"_blank\" rel=\"noopener\"><img loading=\"lazy\" decoding=\"async\" class=\"alignnone size-full wp-image-23386\" src=\"https:\/\/agwaymetals.com\/wp-content\/uploads\/2022\/01\/productPlusCommRFDIconFR_101.jpg\" alt=\"\" width=\"167\" height=\"216\" \/><\/a><\/p>\n<p style=\"text-align: center;\"><a href=\"https:\/\/agwaymetals.com\/wp-content\/uploads\/2020\/05\/productPlusCommRFDFR_PF_123.pdf\" target=\"_blank\" rel=\"noopener\">version \u00e0 imprimer<\/a><\/p>\n<\/td>\n<\/tr>\n<tr>\n<td>\n<p style=\"text-align: center;\"><strong>Architecture<br \/>\nR\u00e9sidentielle<\/strong><\/p>\n<p style=\"text-align: center;\"><a href=\"https:\/\/agwaymetals.com\/wp-content\/uploads\/2023\/07\/amArchResFR_117.pdf\" target=\"_blank\" rel=\"noopener\"><img loading=\"lazy\" decoding=\"async\" class=\"alignnone wp-image-23374 size-full\" src=\"https:\/\/agwaymetals.com\/wp-content\/uploads\/2022\/01\/archResBrochureIconFR_102.jpg\" alt=\"\" width=\"167\" height=\"216\" \/><\/a><\/p>\n<p style=\"text-align: center;\"><a href=\"https:\/\/agwaymetals.com\/wp-content\/uploads\/2023\/07\/amArchResFR_PF_117.pdf\" target=\"_blank\" rel=\"noopener\">version \u00e0 imprimer<\/a><\/p>\n<\/td>\n<td>\n<p style=\"text-align: center;\"><strong>Brochure du Portefeuille<br \/>\nR\u00e9gional<\/strong><\/p>\n<p style=\"text-align: center;\"><a href=\"https:\/\/agwaymetals.com\/wp-content\/uploads\/2021\/06\/amRegBroch_114.pdf\" target=\"_blank\" rel=\"noopener\"><img loading=\"lazy\" decoding=\"async\" class=\"alignnone size-full wp-image-23315\" src=\"https:\/\/agwaymetals.com\/wp-content\/uploads\/2022\/01\/regionalBrochureIcon_101.jpg\" alt=\"\" width=\"167\" height=\"216\" \/><\/a><\/p>\n<p style=\"text-align: center;\"><a href=\"https:\/\/agwaymetals.com\/wp-content\/uploads\/2021\/06\/amRegBrochPF_114.pdf\" target=\"_blank\" rel=\"noopener\">version \u00e0 imprimer<\/a><\/p>\n<\/td>\n<td>\n<p style=\"text-align: center;\"><strong>Guide d&rsquo;installation<br \/>\nAR, NS, SL<\/strong><\/p>\n<p style=\"text-align: center;\"><a href=\"https:\/\/agwaymetals.com\/wp-content\/uploads\/2021\/06\/amAR_NS_SLInstallGuideFR_116.pdf\" target=\"_blank\" rel=\"noopener\"><img loading=\"lazy\" decoding=\"async\" class=\"alignnone size-full wp-image-23372\" src=\"https:\/\/agwaymetals.com\/wp-content\/uploads\/2022\/01\/ar_NS_SLInstallGuideIconFR_101.jpg\" alt=\"\" width=\"167\" height=\"216\" \/><\/a><\/p>\n<p style=\"text-align: center;\"><a href=\"https:\/\/agwaymetals.com\/wp-content\/uploads\/2021\/06\/amAR_NS_SLInstallGuideFRPF_116.pdf\" target=\"_blank\" rel=\"noopener\">version \u00e0 imprimer<\/a><\/p>\n<\/td>\n<td>\n<p style=\"text-align: center;\"><strong>Sous-entretoises<br \/>\nprofil\u00e9es par roulage<\/strong><\/p>\n<p><a href=\"https:\/\/agwaymetals.com\/wp-content\/uploads\/2021\/12\/amSubGirtPPFR_111.pdf\" target=\"_blank\" rel=\"noopener\"><img loading=\"lazy\" decoding=\"async\" class=\"size-full wp-image-23394 aligncenter\" src=\"https:\/\/agwaymetals.com\/wp-content\/uploads\/2022\/01\/subGirtProductPageIconFR_101.jpg\" alt=\"\" width=\"167\" height=\"216\" \/><\/a><\/p>\n<p>&nbsp;<\/td>\n<td>\n<p style=\"text-align: center;\"><strong>Self Storage Interior Components<br \/>\n(anglais seulement)<\/strong><\/p>\n<p style=\"text-align: center;\"><a href=\"https:\/\/agwaymetals.com\/wp-content\/uploads\/2021\/12\/amStorageComponents_119.pdf\" target=\"_blank\" rel=\"noopener\"><img loading=\"lazy\" decoding=\"async\" class=\"alignnone size-full wp-image-23321\" src=\"https:\/\/agwaymetals.com\/wp-content\/uploads\/2022\/01\/storageComponentsIcon_101.jpg\" alt=\"\" width=\"167\" height=\"216\" \/><\/a><\/p>\n<p style=\"text-align: center;\"><a href=\"https:\/\/agwaymetals.com\/wp-content\/uploads\/2021\/12\/amStorageComponentsPF_119.pdf\" target=\"_blank\" rel=\"noopener\">version \u00e0 imprimer<\/a><\/p>\n<\/td>\n<\/tr>\n<tr>\n<td>\n<p style=\"text-align: center;\"><strong>Mise \u00e0 jour technique,<br \/>\nHF-12 cran<\/strong><\/p>\n<p><a href=\"https:\/\/agwaymetals.com\/wp-content\/uploads\/2021\/12\/amHF12NotchNoticeFR_201.pdf\" target=\"_blank\" rel=\"noopener\"><img loading=\"lazy\" decoding=\"async\" class=\"size-full wp-image-23378 aligncenter\" src=\"https:\/\/agwaymetals.com\/wp-content\/uploads\/2022\/01\/hf12NotchNoticeIconFR_101.jpg\" alt=\"\" width=\"167\" height=\"216\" \/><\/a><\/td>\n<td>\n<p style=\"text-align: center;\"><strong>Attache thermique Agway<br \/>\n(ATA)<\/strong><\/p>\n<p><a href=\"https:\/\/agwaymetals.com\/wp-content\/uploads\/2022\/04\/amATCFr_105.pdf\" target=\"_blank\" rel=\"noopener\"><img loading=\"lazy\" decoding=\"async\" class=\"size-full wp-image-23378 aligncenter\" src=\"https:\/\/agwaymetals.com\/wp-content\/uploads\/2022\/08\/atcProductPageIconFR_100.jpg\" alt=\"\" width=\"167\" height=\"216\" \/><\/a><\/td>\n<td>\n<p style=\"text-align: center;\"><strong>Fiche technique<br \/>\nAR, NS, SL<\/strong><\/p>\n<p><a href=\"https:\/\/agwaymetals.com\/wp-content\/uploads\/2017\/07\/amMetalRoofingSpecFR_201.pdf\" target=\"_blank\" rel=\"noopener\"><img loading=\"lazy\" decoding=\"async\" class=\"alignnone size-full wp-image-23323 aligncenter\" src=\"https:\/\/agwaymetals.com\/wp-content\/uploads\/2022\/11\/metalRoofingSpeclIcons_100.jpg\" alt=\"\" width=\"167\" height=\"216\" \/><\/a><\/td>\n<td>\n<p style=\"text-align: center;\"><strong>Fiche technique de<br \/>\nrev\u00eatement m\u00e9tallique<\/strong><\/p>\n<p><a href=\"https:\/\/agwaymetals.com\/wp-content\/uploads\/2017\/05\/amMetalWallSpecFR_201.pdf\" target=\"_blank\" rel=\"noopener\"><img loading=\"lazy\" decoding=\"async\" class=\"alignnone size-full wp-image-23323 aligncenter\" src=\"https:\/\/agwaymetals.com\/wp-content\/uploads\/2022\/12\/metalCladdingSpeclIcons_100.jpg\" alt=\"\" width=\"167\" height=\"216\" \/><\/a><\/td>\n<td><\/td>\n<td><\/td>\n<\/tr>\n<\/tbody>\n<\/table>\n","protected":false},"excerpt":{"rendered":"<p>&nbsp; &nbsp; &nbsp; &nbsp; &nbsp; Brochure commerciale Arbor Plank &nbsp; &nbsp; Toitures m\u00e9talliques &nbsp; &nbsp; S\u00e9rie HF &nbsp; &nbsp; Stratus &nbsp; &nbsp; Tableau des couleurs &nbsp; Guide de s\u00e9l\u00e9ction des profil\u00e9s et disponibilit\u00e9 des couleurs version \u00e0 imprimer Brochure corporative version \u00e0 imprimer Brochure sur les toitures d\u2019acier r\u00e9sidentielles version \u00e0 imprimer Tableau de disponibilit\u00e9 [&hellip;]<\/p>\n","protected":false},"author":2,"featured_media":21425,"parent":0,"menu_order":0,"comment_status":"closed","ping_status":"closed","template":"","meta":{"_acf_changed":false,"footnotes":""},"class_list":["post-23351","page","type-page","status-publish","has-post-thumbnail","hentry"],"acf":[],"_links":{"self":[{"href":"https:\/\/agwaymetals.com\/fr\/wp-json\/wp\/v2\/pages\/23351","targetHints":{"allow":["GET"]}}],"collection":[{"href":"https:\/\/agwaymetals.com\/fr\/wp-json\/wp\/v2\/pages"}],"about":[{"href":"https:\/\/agwaymetals.com\/fr\/wp-json\/wp\/v2\/types\/page"}],"author":[{"embeddable":true,"href":"https:\/\/agwaymetals.com\/fr\/wp-json\/wp\/v2\/users\/2"}],"replies":[{"embeddable":true,"href":"https:\/\/agwaymetals.com\/fr\/wp-json\/wp\/v2\/comments?post=23351"}],"version-history":[{"count":91,"href":"https:\/\/agwaymetals.com\/fr\/wp-json\/wp\/v2\/pages\/23351\/revisions"}],"predecessor-version":[{"id":26395,"href":"https:\/\/agwaymetals.com\/fr\/wp-json\/wp\/v2\/pages\/23351\/revisions\/26395"}],"wp:featuredmedia":[{"embeddable":true,"href":"https:\/\/agwaymetals.com\/fr\/wp-json\/wp\/v2\/media\/21425"}],"wp:attachment":[{"href":"https:\/\/agwaymetals.com\/fr\/wp-json\/wp\/v2\/media?parent=23351"}],"curies":[{"name":"wp","href":"https:\/\/api.w.org\/{rel}","templated":true}]}}