{"id":23463,"date":"2022-01-25T18:51:54","date_gmt":"2022-01-25T18:51:54","guid":{"rendered":"https:\/\/agwaymetals.com\/?page_id=23463"},"modified":"2022-01-25T18:51:54","modified_gmt":"2022-01-25T18:51:54","slug":"details-de-toiture-2","status":"publish","type":"page","link":"https:\/\/agwaymetals.com\/fr\/details-de-toiture-2\/","title":{"rendered":"D\u00e9tails de toiture"},"content":{"rendered":"<p>&nbsp;<\/p>\n<table style=\"border: 1px solid #000000;\">\n<colgroup>\n<col style=\"width: 20%;\" \/>\n<col style=\"width: 20%;\" \/>\n<col style=\"width: 20%;\" \/>\n<col style=\"width: 20%;\" \/>\n<col style=\"width: 20%;\" \/> <\/colgroup>\n<tbody>\n<tr>\n<td>\n<p style=\"text-align: center;\"><strong>Avant-toit avec bord pli\u00e9<\/strong><\/p>\n<p style=\"text-align: center;\"><a href=\"https:\/\/agwaymetals.com\/wp-content\/uploads\/2021\/07\/amAG_R_01FR_EaveEndwFoldedEdge.pdf\" target=\"_blank\" rel=\"attachment noopener wp-att-23411\"><img loading=\"lazy\" decoding=\"async\" class=\"alignnone size-full wp-image-23411\" src=\"https:\/\/agwaymetals.com\/wp-content\/uploads\/2022\/01\/roofDetailIconAGR_01_100.jpg\" alt=\"\" width=\"167\" height=\"216\" \/><\/a><\/p>\n<p style=\"text-align: center;\"><a href=\"https:\/\/agwaymetals.com\/wp-content\/uploads\/2021\/07\/amAG_R_01FR_EaveEndwFoldedEdge.dwg\" target=\"_blank\" rel=\"noopener\">Format .dwg<\/a><\/p>\n<\/td>\n<td>\n<p style=\"text-align: center;\"><strong>Avant-toit avec attaches<\/strong><\/p>\n<p style=\"text-align: center;\"><a href=\"https:\/\/agwaymetals.com\/wp-content\/uploads\/2021\/07\/amAG_R_02FR_EaveEndwFasteners.pdf\" target=\"_blank\" rel=\"attachment noopener wp-att-23413\"><img loading=\"lazy\" decoding=\"async\" class=\"alignnone size-full wp-image-23413\" src=\"https:\/\/agwaymetals.com\/wp-content\/uploads\/2022\/01\/roofDetailIconAGR_02_100.jpg\" alt=\"\" width=\"167\" height=\"216\" \/><\/a><\/p>\n<p style=\"text-align: center;\"><a href=\"https:\/\/agwaymetals.com\/wp-content\/uploads\/2021\/07\/amAG_R_02FR_EaveEndwFasteners.dwg\" target=\"_blank\" rel=\"noopener\">Format .dwg<\/a><\/p>\n<\/td>\n<td>\n<p style=\"text-align: center;\"><strong>Avant-toit avec goutti\u00e8re<\/strong><\/p>\n<p style=\"text-align: center;\"><a href=\"https:\/\/agwaymetals.com\/wp-content\/uploads\/2021\/07\/amAG_R_03FR_EaveEndwGutter.pdf\" target=\"_blank\" rel=\"attachment noopener wp-att-23415\"><img loading=\"lazy\" decoding=\"async\" class=\"alignnone size-full wp-image-23415\" src=\"https:\/\/agwaymetals.com\/wp-content\/uploads\/2022\/01\/roofDetailIconAGR_03_100.jpg\" alt=\"\" width=\"167\" height=\"216\" \/><\/a><\/p>\n<p style=\"text-align: center;\"><a href=\"https:\/\/agwaymetals.com\/wp-content\/uploads\/2021\/07\/amAG_R_03FR_EaveEndwGutter.dwg\" target=\"_blank\" rel=\"noopener\">Format .dwg<\/a><\/p>\n<\/td>\n<td>\n<p style=\"text-align: center;\"><strong>Extr\u00e9mit\u00e9 de pignon avec bord pli\u00e9<\/strong><\/p>\n<p style=\"text-align: center;\"><a href=\"https:\/\/agwaymetals.com\/wp-content\/uploads\/2021\/07\/amAG_R_04FR_GableEndwFoldedEdge.pdf\" target=\"_blank\" rel=\"attachment noopener wp-att-23417\"><img loading=\"lazy\" decoding=\"async\" class=\"alignnone size-full wp-image-23417\" src=\"https:\/\/agwaymetals.com\/wp-content\/uploads\/2022\/01\/roofDetailIconAGR_04_100.jpg\" alt=\"\" width=\"167\" height=\"216\" \/><\/a><\/p>\n<p style=\"text-align: center;\"><a href=\"https:\/\/agwaymetals.com\/wp-content\/uploads\/2021\/07\/amAG_R_04FR_GableEndwFoldedEdge.dwg\" target=\"_blank\" rel=\"noopener\">Format .dwg<\/a><\/p>\n<\/td>\n<td>\n<p style=\"text-align: center;\"><strong>Extr\u00e9mit\u00e9 de pignon avec fascia<\/strong><\/p>\n<p style=\"text-align: center;\"><a href=\"https:\/\/agwaymetals.com\/wp-content\/uploads\/2021\/07\/amAG_R_05FR_GableEndwFascia.pdf\" target=\"_blank\" rel=\"attachment noopener wp-att-23419\"><img loading=\"lazy\" decoding=\"async\" class=\"alignnone size-full wp-image-23419\" src=\"https:\/\/agwaymetals.com\/wp-content\/uploads\/2022\/01\/roofDetailIconAGR_05_100.jpg\" alt=\"\" width=\"167\" height=\"216\" \/><\/a><\/p>\n<p style=\"text-align: center;\"><a href=\"https:\/\/agwaymetals.com\/wp-content\/uploads\/2021\/07\/amAG_R_05FR_GableEndwFascia.dwg\" target=\"_blank\" rel=\"noopener\">Format .dwg<\/a><\/p>\n<\/td>\n<\/tr>\n<tr>\n<td>\n<p style=\"text-align: center;\"><strong>Pignon NS-25\/38<\/strong><\/p>\n<p><a href=\"https:\/\/agwaymetals.com\/wp-content\/uploads\/2021\/07\/amAG_R_06FR_NS25_38GableEnd.pdf\" target=\"_blank\" rel=\"attachment noopener wp-att-23421\"><img loading=\"lazy\" decoding=\"async\" class=\"size-full wp-image-23421 aligncenter\" src=\"https:\/\/agwaymetals.com\/wp-content\/uploads\/2022\/01\/roofDetailIconAGR_06_100.jpg\" alt=\"\" width=\"167\" height=\"216\" \/><\/a><\/p>\n<p style=\"text-align: center;\"><a href=\"https:\/\/agwaymetals.com\/wp-content\/uploads\/2021\/07\/amAG_R_06FR_NS25_38GableEnd.dwg\" target=\"_blank\" rel=\"noopener\">Format .dwg<\/a><\/p>\n<\/td>\n<td>\n<p style=\"text-align: center;\"><strong>Ar\u00eate\/fa\u00eete avec fermeture EPDM<\/strong><\/p>\n<p style=\"text-align: center;\"><a href=\"https:\/\/agwaymetals.com\/wp-content\/uploads\/2021\/07\/amAG_R_07FR_HipRidgewEPDMClosure.pdf\" target=\"_blank\" rel=\"attachment noopener wp-att-23423\"><img loading=\"lazy\" decoding=\"async\" class=\"size-full wp-image-23423 aligncenter\" src=\"https:\/\/agwaymetals.com\/wp-content\/uploads\/2022\/01\/roofDetailIconAGR_07_100.jpg\" alt=\"\" width=\"167\" height=\"216\" \/><\/a><\/p>\n<p style=\"text-align: center;\"><a href=\"https:\/\/agwaymetals.com\/wp-content\/uploads\/2021\/07\/amAG_R_07FR_HipRidgewEPDMClosure.dwg\" target=\"_blank\" rel=\"noopener\">Format .dwg<\/a><\/p>\n<\/td>\n<td>\n<p style=\"text-align: center;\"><strong>Ar\u00eate\/fa\u00eete avec bord pli\u00e9<\/strong><\/p>\n<p style=\"text-align: center;\"><a href=\"https:\/\/agwaymetals.com\/wp-content\/uploads\/2021\/07\/amAG_R_08FR_HipRidgewFoldedEdge.pdf\" target=\"_blank\" rel=\"attachment noopener wp-att-23425\"><img loading=\"lazy\" decoding=\"async\" class=\"alignnone size-full wp-image-23425\" src=\"https:\/\/agwaymetals.com\/wp-content\/uploads\/2022\/01\/roofDetailIconAGR_08_100.jpg\" alt=\"\" width=\"167\" height=\"216\" \/><\/a><\/p>\n<p style=\"text-align: center;\"><a href=\"https:\/\/agwaymetals.com\/wp-content\/uploads\/2021\/07\/amAG_R_08FR_HipRidgewFoldedEdge.dwg\" target=\"_blank\" rel=\"noopener\">Format .dwg<\/a><\/p>\n<\/td>\n<td>\n<p style=\"text-align: center;\"><strong>Fa\u00eeti\u00e8re ventil\u00e9e<\/strong><\/p>\n<p style=\"text-align: center;\"><a href=\"https:\/\/agwaymetals.com\/wp-content\/uploads\/2021\/07\/amAG_R_09FR_VentedRidge.pdf\" target=\"_blank\" rel=\"attachment noopener wp-att-23427\"><img loading=\"lazy\" decoding=\"async\" class=\"alignnone size-full wp-image-23427\" src=\"https:\/\/agwaymetals.com\/wp-content\/uploads\/2022\/01\/roofDetailIconAGR_09_100.jpg\" alt=\"\" width=\"167\" height=\"216\" \/><\/a><\/p>\n<p style=\"text-align: center;\"><a href=\"https:\/\/agwaymetals.com\/wp-content\/uploads\/2021\/07\/amAG_R_09FR_VentedRidge.dwg\" target=\"_blank\" rel=\"noopener\">Format .dwg<\/a><\/p>\n<\/td>\n<td>\n<p style=\"text-align: center;\"><strong>Fa\u00eeti\u00e8re ventil\u00e9e mod\u00e8le 1200<\/strong><\/p>\n<p style=\"text-align: center;\"><a href=\"https:\/\/agwaymetals.com\/wp-content\/uploads\/2021\/07\/amAG_R_10FR_Model1200VentedRidge.pdf\" target=\"_blank\" rel=\"attachment noopener wp-att-23429\"><img loading=\"lazy\" decoding=\"async\" class=\"alignnone size-full wp-image-23429\" src=\"https:\/\/agwaymetals.com\/wp-content\/uploads\/2022\/01\/roofDetailIconAGR_10_100.jpg\" alt=\"\" width=\"167\" height=\"216\" \/><\/a><\/p>\n<p style=\"text-align: center;\"><a href=\"https:\/\/agwaymetals.com\/wp-content\/uploads\/2021\/07\/amAG_R_10FR_Model1200VentedRidge.dwg\" target=\"_blank\" rel=\"noopener\">Format .dwg<\/a><\/p>\n<\/td>\n<\/tr>\n<tr>\n<td>\n<p style=\"text-align: center;\"><strong>Pointe de toit avec fermeture EPDM<\/strong><\/p>\n<p style=\"text-align: center;\"><a href=\"https:\/\/agwaymetals.com\/wp-content\/uploads\/2021\/07\/amAG_R_11FR_PeakwEPDMClosure.pdf\" target=\"_blank\" rel=\"attachment noopener wp-att-23431\"><img loading=\"lazy\" decoding=\"async\" class=\"alignnone size-full wp-image-23431\" src=\"https:\/\/agwaymetals.com\/wp-content\/uploads\/2022\/01\/roofDetailIconAGR_11_100.jpg\" alt=\"\" width=\"167\" height=\"216\" \/><\/a><\/p>\n<p style=\"text-align: center;\"><a href=\"https:\/\/agwaymetals.com\/wp-content\/uploads\/2021\/07\/amAG_R_11FR_PeakwEPDMClosure.dwg\" target=\"_blank\" rel=\"noopener\">Format .dwg<\/a><\/p>\n<\/td>\n<td>\n<p style=\"text-align: center;\"><strong>Pointe de toit avec bord pli\u00e9<\/strong><\/p>\n<p style=\"text-align: center;\"><a href=\"https:\/\/agwaymetals.com\/wp-content\/uploads\/2021\/07\/amAG_R_12FR_PeakwFoldedEdge.pdf\" target=\"_blank\" rel=\"attachment noopener wp-att-23433\"><img loading=\"lazy\" decoding=\"async\" class=\"alignnone size-full wp-image-23433\" src=\"https:\/\/agwaymetals.com\/wp-content\/uploads\/2022\/01\/roofDetailIconAGR_12_100.jpg\" alt=\"\" width=\"167\" height=\"216\" \/><\/a><\/p>\n<p style=\"text-align: center;\"><a href=\"https:\/\/agwaymetals.com\/wp-content\/uploads\/2021\/07\/amAG_R_12FR_PeakwFoldedEdge.dwg\" target=\"_blank\" rel=\"noopener\">Format .dwg<\/a><\/p>\n<\/td>\n<td>\n<p style=\"text-align: center;\"><strong>Extr\u00e9mit\u00e9 au parement de mur<\/strong><\/p>\n<p style=\"text-align: center;\"><a href=\"https:\/\/agwaymetals.com\/wp-content\/uploads\/2021\/07\/amAG_R_13FR_RakeWallatSiding.pdf\" target=\"_blank\" rel=\"attachment noopener wp-att-23435\"><img loading=\"lazy\" decoding=\"async\" class=\"alignnone size-full wp-image-23435\" src=\"https:\/\/agwaymetals.com\/wp-content\/uploads\/2022\/01\/roofDetailIconAGR_13_100.jpg\" alt=\"\" width=\"167\" height=\"216\" \/><\/a><\/p>\n<p style=\"text-align: center;\"><a href=\"https:\/\/agwaymetals.com\/wp-content\/uploads\/2021\/07\/amAG_R_13FR_RakeWallatSiding.dwg\" target=\"_blank\" rel=\"noopener\">Format .dwg<\/a><\/p>\n<\/td>\n<td>\n<p style=\"text-align: center;\"><strong>Extr\u00e9mit\u00e9 au mur de ma\u00e7onnerie<\/strong><\/p>\n<p style=\"text-align: center;\"><a href=\"https:\/\/agwaymetals.com\/wp-content\/uploads\/2021\/07\/amAG_R_14FR_RakeWallatMasonry.pdf\" target=\"_blank\" rel=\"attachment noopener wp-att-23437\"><img loading=\"lazy\" decoding=\"async\" class=\"alignnone size-full wp-image-23437\" src=\"https:\/\/agwaymetals.com\/wp-content\/uploads\/2022\/01\/roofDetailIconAGR_14_100.jpg\" alt=\"\" width=\"167\" height=\"216\" \/><\/a><\/p>\n<p style=\"text-align: center;\"><a href=\"https:\/\/agwaymetals.com\/wp-content\/uploads\/2021\/07\/amAG_R_14FR_RakeWallatMasonry.dwg\" target=\"_blank\" rel=\"noopener\">Format .dwg<\/a><\/p>\n<\/td>\n<td>\n<p style=\"text-align: center;\"><strong>Transition de la pente \u00e0 toit plat<\/strong><\/p>\n<p style=\"text-align: center;\"><a href=\"https:\/\/agwaymetals.com\/wp-content\/uploads\/2021\/07\/amAG_R_15FR_SlopetoWallTransition.pdf\" target=\"_blank\" rel=\"attachment noopener wp-att-23439\"><img loading=\"lazy\" decoding=\"async\" class=\"alignnone size-full wp-image-23439\" src=\"https:\/\/agwaymetals.com\/wp-content\/uploads\/2022\/01\/roofDetailIconAGR_15_100.jpg\" alt=\"\" width=\"167\" height=\"216\" \/><\/a><\/p>\n<p style=\"text-align: center;\"><a href=\"https:\/\/agwaymetals.com\/wp-content\/uploads\/2021\/07\/amAG_R_15FR_SlopetoWallTransition.dwg\" target=\"_blank\" rel=\"noopener\">Format .dwg<\/a><\/p>\n<\/td>\n<\/tr>\n<tr>\n<td>\n<p style=\"text-align: center;\"><strong>Bordure de toit ventil\u00e9<\/strong><\/p>\n<p><a href=\"https:\/\/agwaymetals.com\/wp-content\/uploads\/2021\/07\/amAG_R_16FR_VentedRakeWall.pdf\" target=\"_blank\" rel=\"attachment noopener wp-att-23441\"><img loading=\"lazy\" decoding=\"async\" class=\"size-full wp-image-23441 aligncenter\" src=\"https:\/\/agwaymetals.com\/wp-content\/uploads\/2022\/01\/roofDetailIconAGR_16_100.jpg\" alt=\"\" width=\"167\" height=\"216\" \/><\/a><\/p>\n<p style=\"text-align: center;\"><a href=\"https:\/\/agwaymetals.com\/wp-content\/uploads\/2021\/07\/amAG_R_16FR_VentedRakeWall.dwg\" target=\"_blank\" rel=\"noopener\">Format .dwg<\/a><\/p>\n<\/td>\n<td>\n<p style=\"text-align: center;\"><strong>Vall\u00e9e<\/strong><\/p>\n<p style=\"text-align: center;\"><a href=\"https:\/\/agwaymetals.com\/wp-content\/uploads\/2021\/07\/amAG_R_17FR_Valley.pdf\" target=\"_blank\" rel=\"attachment noopener wp-att-23443\"><img loading=\"lazy\" decoding=\"async\" class=\"alignnone size-full wp-image-23443\" src=\"https:\/\/agwaymetals.com\/wp-content\/uploads\/2022\/01\/roofDetailIconAGR_17_100.jpg\" alt=\"\" width=\"167\" height=\"216\" \/><\/a><\/p>\n<p style=\"text-align: center;\"><a href=\"https:\/\/agwaymetals.com\/wp-content\/uploads\/2021\/07\/amAG_R_17FR_Valley.dwg\" target=\"_blank\" rel=\"noopener\">Format .dwg<\/a><\/p>\n<\/td>\n<td>\n<p style=\"text-align: center;\"><strong>Transition de toit en pente \u00e0 toit plat<\/strong><\/p>\n<p><a href=\"https:\/\/agwaymetals.com\/wp-content\/uploads\/2021\/07\/amAG_R_18FR_SlopetoFlatRoofTransition.pdf\" target=\"_blank\" rel=\"attachment noopener wp-att-23445\"><img loading=\"lazy\" decoding=\"async\" class=\"size-full wp-image-23445 aligncenter\" src=\"https:\/\/agwaymetals.com\/wp-content\/uploads\/2022\/01\/roofDetailIconAGR_18_100.jpg\" alt=\"\" width=\"167\" height=\"216\" \/><\/a><\/p>\n<p style=\"text-align: center;\"><a href=\"https:\/\/agwaymetals.com\/wp-content\/uploads\/2021\/07\/amAG_R_18FR_SlopetoFlatRoofTransition.dwg\" target=\"_blank\" rel=\"noopener\">Format .dwg<\/a><\/p>\n<\/td>\n<td>\n<p style=\"text-align: center;\"><strong>Solin Flexible en caoutchouc<\/strong><\/p>\n<p><a href=\"https:\/\/agwaymetals.com\/wp-content\/uploads\/2021\/07\/amAG_R_19FR_FlexibleRubberPipeFlashing.pdf\" target=\"_blank\" rel=\"attachment noopener wp-att-23447\"><img loading=\"lazy\" decoding=\"async\" class=\"size-full wp-image-23447 aligncenter\" src=\"https:\/\/agwaymetals.com\/wp-content\/uploads\/2022\/01\/roofDetailIconAGR_19_100.jpg\" alt=\"\" width=\"167\" height=\"216\" \/><\/a><\/p>\n<p style=\"text-align: center;\"><a href=\"https:\/\/agwaymetals.com\/wp-content\/uploads\/2021\/07\/amAG_R_19FR_FlexibleRubberPipeFlashing.dwg\" target=\"_blank\" rel=\"noopener\">Format .dwg<\/a><\/p>\n<\/td>\n<td>\n<p style=\"text-align: center;\"><strong>D\u00e9tail de bordure<\/strong><\/p>\n<p><a href=\"https:\/\/agwaymetals.com\/wp-content\/uploads\/2021\/07\/amAG_R_20FR_CurbDetail.pdf\" target=\"_blank\" rel=\"attachment noopener wp-att-23449\"><img loading=\"lazy\" decoding=\"async\" class=\"size-full wp-image-23449 aligncenter\" src=\"https:\/\/agwaymetals.com\/wp-content\/uploads\/2022\/01\/roofDetailIconAGR_20_100.jpg\" alt=\"\" width=\"167\" height=\"216\" \/><\/a><\/p>\n<p style=\"text-align: center;\"><a href=\"https:\/\/agwaymetals.com\/wp-content\/uploads\/2021\/07\/amAG_R_20FR_CurbDetail.dwg\" target=\"_blank\" rel=\"noopener\">Format .dwg<\/a><\/p>\n<\/td>\n<\/tr>\n<tr>\n<td>\n<p style=\"text-align: center;\"><strong>AR-38 &amp; AR-50 Panneaux a attaches dissimul\u00e9s d\u00e9tail de chevauchement de bout<\/strong><\/p>\n<p style=\"text-align: center;\"><a href=\"https:\/\/agwaymetals.com\/wp-content\/uploads\/2021\/07\/amAG_R_21FR_ARStandingSeamEndLapDetail.pdf\" target=\"_blank\" rel=\"attachment noopener wp-att-23451\"><img loading=\"lazy\" decoding=\"async\" class=\"alignnone size-full wp-image-23451\" src=\"https:\/\/agwaymetals.com\/wp-content\/uploads\/2022\/01\/roofDetailIconAGR_21_100.jpg\" alt=\"\" width=\"167\" height=\"216\" \/><\/a><\/p>\n<p style=\"text-align: center;\"><a href=\"https:\/\/agwaymetals.com\/wp-content\/uploads\/2021\/07\/amAG_R_21FR_ARStandingSeamEndLapDetail.dwg\" target=\"_blank\" rel=\"noopener\">Format .dwg<\/a><\/p>\n<\/td>\n<td>\n<p style=\"text-align: center;\"><strong>Panneau AR<br \/>\nsur<br \/>\ntoit isol\u00e9<\/strong><\/p>\n<p style=\"text-align: center;\"><a href=\"https:\/\/agwaymetals.com\/wp-content\/uploads\/2021\/07\/amAG_R_22FR_ARPanelonInsulRoof.pdf\" target=\"_blank\" rel=\"attachment noopener wp-att-23453\"><img loading=\"lazy\" decoding=\"async\" class=\"alignnone size-full wp-image-23453\" src=\"https:\/\/agwaymetals.com\/wp-content\/uploads\/2022\/01\/roofDetailIconAGR_22_100.jpg\" alt=\"\" width=\"167\" height=\"216\" \/><\/a><\/p>\n<p style=\"text-align: center;\"><a href=\"https:\/\/agwaymetals.com\/wp-content\/uploads\/2021\/07\/amAG_R_22FR_ARPanelonInsulRoof.dwg\" target=\"_blank\" rel=\"noopener\">Format .dwg<\/a><\/p>\n<\/td>\n<td><\/td>\n<td><\/td>\n<td><\/td>\n<\/tr>\n<\/tbody>\n<\/table>\n","protected":false},"excerpt":{"rendered":"<p>&nbsp; Avant-toit avec bord pli\u00e9 Format .dwg Avant-toit avec attaches Format .dwg Avant-toit avec goutti\u00e8re Format .dwg Extr\u00e9mit\u00e9 de pignon avec bord pli\u00e9 Format .dwg Extr\u00e9mit\u00e9 de pignon avec fascia Format .dwg Pignon NS-25\/38 Format .dwg Ar\u00eate\/fa\u00eete avec fermeture EPDM Format .dwg Ar\u00eate\/fa\u00eete avec bord pli\u00e9 Format .dwg Fa\u00eeti\u00e8re ventil\u00e9e Format .dwg Fa\u00eeti\u00e8re ventil\u00e9e mod\u00e8le [&hellip;]<\/p>\n","protected":false},"author":2,"featured_media":21451,"parent":0,"menu_order":0,"comment_status":"closed","ping_status":"closed","template":"","meta":{"_acf_changed":false,"footnotes":""},"class_list":["post-23463","page","type-page","status-publish","has-post-thumbnail","hentry"],"acf":[],"_links":{"self":[{"href":"https:\/\/agwaymetals.com\/fr\/wp-json\/wp\/v2\/pages\/23463","targetHints":{"allow":["GET"]}}],"collection":[{"href":"https:\/\/agwaymetals.com\/fr\/wp-json\/wp\/v2\/pages"}],"about":[{"href":"https:\/\/agwaymetals.com\/fr\/wp-json\/wp\/v2\/types\/page"}],"author":[{"embeddable":true,"href":"https:\/\/agwaymetals.com\/fr\/wp-json\/wp\/v2\/users\/2"}],"replies":[{"embeddable":true,"href":"https:\/\/agwaymetals.com\/fr\/wp-json\/wp\/v2\/comments?post=23463"}],"version-history":[{"count":3,"href":"https:\/\/agwaymetals.com\/fr\/wp-json\/wp\/v2\/pages\/23463\/revisions"}],"predecessor-version":[{"id":23470,"href":"https:\/\/agwaymetals.com\/fr\/wp-json\/wp\/v2\/pages\/23463\/revisions\/23470"}],"wp:featuredmedia":[{"embeddable":true,"href":"https:\/\/agwaymetals.com\/fr\/wp-json\/wp\/v2\/media\/21451"}],"wp:attachment":[{"href":"https:\/\/agwaymetals.com\/fr\/wp-json\/wp\/v2\/media?parent=23463"}],"curies":[{"name":"wp","href":"https:\/\/api.w.org\/{rel}","templated":true}]}}