{"id":23752,"date":"2022-03-29T17:54:48","date_gmt":"2022-03-29T17:54:48","guid":{"rendered":"https:\/\/agwaymetals.com\/?page_id=23752"},"modified":"2022-03-29T17:54:48","modified_gmt":"2022-03-29T17:54:48","slug":"avis-importants-sur-le-terrain","status":"publish","type":"page","link":"https:\/\/agwaymetals.com\/fr\/avis-importants-sur-le-terrain\/","title":{"rendered":"Avis importants sur le terrain"},"content":{"rendered":"<p>&nbsp;<\/p>\n<h2>Utilisation de parement d\u2019acier<\/h2>\n<ul>\n<li>Il est pr\u00e9f\u00e9rable de ne pas utiliser des feuilles de Galvalume brut ou peintes dans des constructions pour les enclos pour animaux.<\/li>\n<li>De par leur galvanisation, les feuilles d\u2019acier sont susceptibles d\u2019appara\u00eetre paillet\u00e9es. Ce ph\u00e9nom\u00e8ne ne diminue en rien la qualit\u00e9 du produit. Cependant, leur aspect pouvant varier, il est pr\u00e9f\u00e9rable de ne pas les employer dans des constructions architecturales.<\/li>\n<li>Les feuilles de Galvalume peuvent devenir fonc\u00e9es au fil des intemp\u00e9ries. Ce ph\u00e9nom\u00e8ne variera selon les feuilles. Il ne compromet pas le rendement du mat\u00e9riau. Cependant, leur aspect pouvant varier, il est pr\u00e9f\u00e9rable de ne pas les employer dans des constructions architecturales.<\/li>\n<\/ul>\n<h2>Manutention des mat\u00e9riaux<\/h2>\n<p><strong>COLORATION LORS DE L\u2019ENTREPOSAGE :<\/strong> La coloration lors de l\u2019entreposage, pouvant se manifester sous forme de rouille blanche ou de noircissement, est provoqu\u00e9e par l\u2019humidit\u00e9 pi\u00e9g\u00e9e entre les feuilles rassembl\u00e9es. Il s\u2019agit d\u2019un probl\u00e8me propre \u00e0 l\u2019acier entrepos\u00e9 en lot. Cette humidit\u00e9 peut \u00eatre caus\u00e9e par la pluie, la neige ou la condensation g\u00e9n\u00e9r\u00e9e par les changements de temp\u00e9rature. Agway Metals Inc. ne peut pas contr\u00f4ler ces conditions. Par cons\u00e9quent, elle ne peut \u00eatre tenue responsable de probl\u00e8mes en d\u00e9coulant. Dans l\u2019espoir de r\u00e9duire et d\u2019\u00e9liminer le probl\u00e8me, nous vous recommandons de prendre les pr\u00e9cautions suivantes :<\/p>\n<ul>\n<li>Toujours d\u00e9charger par temps sec ou garder les mat\u00e9riaux \u00e0 l\u2019abri dans un immeuble bien ventil\u00e9.<\/li>\n<li>Inspectez le chargement sur-le-champ. Si les feuilles sont d\u00e9j\u00e0 mouill\u00e9es, signez la facture de transport et transmettez une r\u00e9clamation au transporteur.<\/li>\n<li>Si les feuilles doivent \u00eatre entrepos\u00e9es \u00e0 l\u2019ext\u00e9rieur, ne les laissez pas en contact avec le sol. Maintenez la base sur\u00e9lev\u00e9e pour faciliter le drainage et couvrez-les avec une toile imperm\u00e9able en laissant le bas \u00e0 l\u2019air pour permettre l\u2019a\u00e9ration.<\/li>\n<li>L\u2019acier galvanis\u00e9 doit \u00eatre entrepos\u00e9 au sec et de mani\u00e8re \u00e0 permettre la circulation de l\u2019air entre les feuilles pour \u00e9viter la condensation. Les feuilles mouill\u00e9es doivent \u00eatre retir\u00e9es et mises \u00e0 s\u00e9cher pour \u00e9viter la formation de rouille blanche.<\/li>\n<\/ul>\n<p><strong>ENTREPOSAGE AD\u00c9QUAT :<\/strong><br \/>\nCaisse de manutention ou liasse correctement bloqu\u00e9e sur une pente favorisant le drainage.<\/p>\n<p><a href=\"https:\/\/agwaymetals.com\/wp-content\/uploads\/2022\/03\/materialHandling004.jpg\" rel=\"attachment wp-att-23743\"><img loading=\"lazy\" decoding=\"async\" class=\"alignnone size-full wp-image-23743\" src=\"https:\/\/agwaymetals.com\/wp-content\/uploads\/2022\/03\/materialHandling004.jpg\" alt=\"\" width=\"700\" height=\"105\" srcset=\"https:\/\/agwaymetals.com\/wp-content\/uploads\/2022\/03\/materialHandling004.jpg 700w, https:\/\/agwaymetals.com\/wp-content\/uploads\/2022\/03\/materialHandling004-618x93.jpg 618w\" sizes=\"auto, (max-width: 700px) 100vw, 700px\" \/><\/a><\/p>\n<p><strong>Gestion des profils sur site<\/strong><br \/>\nLe portage des panneaux \u00e0 plat, ou la torsion des panneaux lors du levage, peut donner un aspect ondul\u00e9 \u00e0 un panneau pr\u00e9c\u00e9demment plat. Une torsion peut se produire si un coin du panneau de rev\u00eatement est utilis\u00e9 pour soulever le panneau ou pour retirer le panneau d&rsquo;un paquet.<\/p>\n<p><a href=\"https:\/\/agwaymetals.com\/wp-content\/uploads\/2022\/03\/materialHandling001.jpg\" rel=\"attachment wp-att-23745\"><img loading=\"lazy\" decoding=\"async\" class=\"alignnone size-full wp-image-23745\" src=\"https:\/\/agwaymetals.com\/wp-content\/uploads\/2022\/03\/materialHandling001.jpg\" alt=\"\" width=\"700\" height=\"160\" srcset=\"https:\/\/agwaymetals.com\/wp-content\/uploads\/2022\/03\/materialHandling001.jpg 700w, https:\/\/agwaymetals.com\/wp-content\/uploads\/2022\/03\/materialHandling001-618x141.jpg 618w\" sizes=\"auto, (max-width: 700px) 100vw, 700px\" \/><\/a><br \/>\n<em>Une manipulation incorrecte peut entra\u00eener un flambage ou d&rsquo;autres dommages aux t\u00f4les.<\/em><\/p>\n<p><a href=\"https:\/\/agwaymetals.com\/wp-content\/uploads\/2022\/03\/materialHandling002.jpg\" rel=\"attachment wp-att-23747\"><img loading=\"lazy\" decoding=\"async\" class=\"alignnone size-full wp-image-23747\" src=\"https:\/\/agwaymetals.com\/wp-content\/uploads\/2022\/03\/materialHandling002.jpg\" alt=\"\" width=\"700\" height=\"160\" srcset=\"https:\/\/agwaymetals.com\/wp-content\/uploads\/2022\/03\/materialHandling002.jpg 700w, https:\/\/agwaymetals.com\/wp-content\/uploads\/2022\/03\/materialHandling002-618x141.jpg 618w\" sizes=\"auto, (max-width: 700px) 100vw, 700px\" \/><\/a><\/p>\n<p><a href=\"https:\/\/agwaymetals.com\/wp-content\/uploads\/2022\/03\/materialHandling003.jpg\" rel=\"attachment wp-att-23749\"><img loading=\"lazy\" decoding=\"async\" class=\"alignnone size-full wp-image-23749\" src=\"https:\/\/agwaymetals.com\/wp-content\/uploads\/2022\/03\/materialHandling003.jpg\" alt=\"\" width=\"700\" height=\"200\" srcset=\"https:\/\/agwaymetals.com\/wp-content\/uploads\/2022\/03\/materialHandling003.jpg 700w, https:\/\/agwaymetals.com\/wp-content\/uploads\/2022\/03\/materialHandling003-618x177.jpg 618w\" sizes=\"auto, (max-width: 700px) 100vw, 700px\" \/><\/a><br \/>\n<em>Manipulation correcte : Prenez la feuille par le bord long.<\/em><\/p>\n<h2>D\u00e9coupe de l\u2019acier<\/h2>\n<p>Si vous utilisez une scie pour couper l\u2019acier ou l\u2019aluminium, vous devez prendre les pr\u00e9cautions suivantes :<\/p>\n<ul>\n<li>Utilisez une scie abrasive \u00e0 grande vitesse qui est en bon \u00e9tat.<\/li>\n<li>Effectuez la coupe \u00e0 l\u2019\u00e9cart des liasses et du mat\u00e9riau install\u00e9s afin que les limailles br\u00fblantes n\u2019endommagent pas les surfaces peintes.<\/li>\n<li>Utilisez des cisailles pour retirer les bavures des feuilles, surtout lorsqu\u2019elles ont \u00e9t\u00e9 d\u00e9coup\u00e9es en biais.<\/li>\n<li>Les mat\u00e9riaux pr\u00e9peints doivent \u00eatre coup\u00e9s sur l\u2019endos (face pr\u00e9peinte vers le sol). Les bavures doivent \u00eatre imm\u00e9diatement enlev\u00e9es.<\/li>\n<\/ul>\n","protected":false},"excerpt":{"rendered":"<p>&nbsp; Utilisation de parement d\u2019acier Il est pr\u00e9f\u00e9rable de ne pas utiliser des feuilles de Galvalume brut ou peintes dans des constructions pour les enclos pour animaux. De par leur galvanisation, les feuilles d\u2019acier sont susceptibles d\u2019appara\u00eetre paillet\u00e9es. Ce ph\u00e9nom\u00e8ne ne diminue en rien la qualit\u00e9 du produit. Cependant, leur aspect pouvant varier, il est [&hellip;]<\/p>\n","protected":false},"author":2,"featured_media":21474,"parent":0,"menu_order":0,"comment_status":"closed","ping_status":"closed","template":"","meta":{"_acf_changed":false,"footnotes":""},"class_list":["post-23752","page","type-page","status-publish","has-post-thumbnail","hentry"],"acf":[],"_links":{"self":[{"href":"https:\/\/agwaymetals.com\/fr\/wp-json\/wp\/v2\/pages\/23752","targetHints":{"allow":["GET"]}}],"collection":[{"href":"https:\/\/agwaymetals.com\/fr\/wp-json\/wp\/v2\/pages"}],"about":[{"href":"https:\/\/agwaymetals.com\/fr\/wp-json\/wp\/v2\/types\/page"}],"author":[{"embeddable":true,"href":"https:\/\/agwaymetals.com\/fr\/wp-json\/wp\/v2\/users\/2"}],"replies":[{"embeddable":true,"href":"https:\/\/agwaymetals.com\/fr\/wp-json\/wp\/v2\/comments?post=23752"}],"version-history":[{"count":4,"href":"https:\/\/agwaymetals.com\/fr\/wp-json\/wp\/v2\/pages\/23752\/revisions"}],"predecessor-version":[{"id":23758,"href":"https:\/\/agwaymetals.com\/fr\/wp-json\/wp\/v2\/pages\/23752\/revisions\/23758"}],"wp:featuredmedia":[{"embeddable":true,"href":"https:\/\/agwaymetals.com\/fr\/wp-json\/wp\/v2\/media\/21474"}],"wp:attachment":[{"href":"https:\/\/agwaymetals.com\/fr\/wp-json\/wp\/v2\/media?parent=23752"}],"curies":[{"name":"wp","href":"https:\/\/api.w.org\/{rel}","templated":true}]}}