{"id":2540,"date":"2017-08-02T04:31:11","date_gmt":"2017-08-02T04:31:11","guid":{"rendered":"https:\/\/agwaymetals.com-2021\/?page_id=2540\/"},"modified":"2022-01-25T18:50:48","modified_gmt":"2022-01-25T18:50:48","slug":"details-de-toiture","status":"publish","type":"page","link":"https:\/\/agwaymetals.com\/fr\/details-de-toiture\/","title":{"rendered":"D\u00e9tails de toiture Original"},"content":{"rendered":"<p>&nbsp;<\/p>\n<table class=\"links\">\n<thead>\n<tr>\n<th colspan=\"3\">D\u00c9TAILS DE TOITURE<\/th>\n<\/tr>\n<\/thead>\n<tbody>\n<tr>\n<td>Avant-toit avec bord pli\u00e9<\/td>\n<td><a href=\"https:\/\/agwaymetals.com\/wp-content\/uploads\/2021\/07\/amAG_R_01FR_EaveEndwFoldedEdge.pdf\" target=\"_blank\" rel=\"noopener noreferrer\">PDF<\/a><\/td>\n<td><a href=\"https:\/\/agwaymetals.com\/wp-content\/uploads\/2021\/07\/amAG_R_01FR_EaveEndwFoldedEdge.dwg\" target=\"_blank\" rel=\"noopener noreferrer\">DWG<\/a><\/td>\n<\/tr>\n<tr>\n<td>Avant-toit avec attaches<\/td>\n<td><a href=\"https:\/\/agwaymetals.com\/wp-content\/uploads\/2021\/07\/amAG_R_02FR_EaveEndwFasteners.pdf\" target=\"_blank\" rel=\"noopener noreferrer\">PDF<\/a><\/td>\n<td><a href=\"https:\/\/agwaymetals.com\/wp-content\/uploads\/2021\/07\/amAG_R_02FR_EaveEndwFasteners.dwg\" target=\"_blank\" rel=\"noopener noreferrer\">DWG<\/a><\/td>\n<\/tr>\n<tr>\n<td>Avant-toit avec goutti\u00e8re<\/td>\n<td><a href=\"https:\/\/agwaymetals.com\/wp-content\/uploads\/2021\/07\/amAG_R_03FR_EaveEndwGutter.pdf\" target=\"_blank\" rel=\"noopener noreferrer\">PDF<\/a><\/td>\n<td><a href=\"https:\/\/agwaymetals.com\/wp-content\/uploads\/2021\/07\/amAG_R_03FR_EaveEndwGutter.dwg\" target=\"_blank\" rel=\"noopener noreferrer\">DWG<\/a><\/td>\n<\/tr>\n<tr>\n<td>Extr\u00e9mit\u00e9 de pignon avec bord pli\u00e9<\/td>\n<td><a href=\"https:\/\/agwaymetals.com\/wp-content\/uploads\/2021\/07\/amAG_R_04FR_GableEndwFoldedEdge.pdf\" target=\"_blank\" rel=\"noopener noreferrer\">PDF<\/a><\/td>\n<td><a href=\"https:\/\/agwaymetals.com\/wp-content\/uploads\/2021\/07\/amAG_R_04FR_GableEndwFoldedEdge.dwg\">DWG<\/a><\/td>\n<\/tr>\n<tr>\n<td>Extr\u00e9mit\u00e9 de pignon avec fascia<\/td>\n<td><a href=\"https:\/\/agwaymetals.com\/wp-content\/uploads\/2021\/07\/amAG_R_05FR_GableEndwFascia.pdf\" target=\"_blank\" rel=\"noopener noreferrer\">PDF<\/a><\/td>\n<td><a href=\"https:\/\/agwaymetals.com\/wp-content\/uploads\/2021\/07\/amAG_R_05FR_GableEndwFascia.dwg\" target=\"_blank\" rel=\"noopener noreferrer\">DWG<\/a><\/td>\n<\/tr>\n<tr>\n<td>Pignon NS-25\/38<\/td>\n<td><a href=\"https:\/\/agwaymetals.com\/wp-content\/uploads\/2021\/07\/amAG_R_06FR_NS25_38GableEnd.pdf\" target=\"_blank\" rel=\"noopener noreferrer\">PDF<\/a><\/td>\n<td><a href=\"https:\/\/agwaymetals.com\/wp-content\/uploads\/2021\/07\/amAG_R_06FR_NS25_38GableEnd.dwg\" target=\"_blank\" rel=\"noopener noreferrer\">DWG<\/a><\/td>\n<\/tr>\n<tr>\n<td>Ar\u00eate\/fa\u00eete avec fermeture EPDM<\/td>\n<td><a href=\"https:\/\/agwaymetals.com\/wp-content\/uploads\/2021\/07\/amAG_R_07FR_HipRidgewEPDMClosure.pdf\" target=\"_blank\" rel=\"noopener noreferrer\">PDF<\/a><\/td>\n<td><a href=\"https:\/\/agwaymetals.com\/wp-content\/uploads\/2021\/07\/amAG_R_07FR_HipRidgewEPDMClosure.dwg\" target=\"_blank\" rel=\"noopener noreferrer\">DWG<\/a><\/td>\n<\/tr>\n<tr>\n<td>Ar\u00eate\/fa\u00eete avec bord pli\u00e9<\/td>\n<td><a href=\"https:\/\/agwaymetals.com\/wp-content\/uploads\/2021\/07\/amAG_R_08FR_HipRidgewFoldedEdge.pdf\" target=\"_blank\" rel=\"noopener noreferrer\">PDF<\/a><\/td>\n<td><a href=\"https:\/\/agwaymetals.com\/wp-content\/uploads\/2021\/07\/amAG_R_08FR_HipRidgewFoldedEdge.dwg\" target=\"_blank\" rel=\"noopener noreferrer\">DWG<\/a><\/td>\n<\/tr>\n<tr>\n<td>Fa\u00eeti\u00e8re ventil\u00e9e<\/td>\n<td><a href=\"https:\/\/agwaymetals.com\/wp-content\/uploads\/2021\/07\/amAG_R_09FR_VentedRidge.pdf\" target=\"_blank\" rel=\"noopener noreferrer\">PDF<\/a><\/td>\n<td><a href=\"https:\/\/agwaymetals.com\/wp-content\/uploads\/2021\/07\/amAG_R_09FR_VentedRidge.dwg\" target=\"_blank\" rel=\"noopener noreferrer\">DWG<\/a><\/td>\n<\/tr>\n<tr>\n<td>Fa\u00eeti\u00e8re ventil\u00e9e mod\u00e8le 1200<\/td>\n<td><a href=\"https:\/\/agwaymetals.com\/wp-content\/uploads\/2021\/07\/amAG_R_10FR_Model1200VentedRidge.pdf\" target=\"_blank\" rel=\"noopener noreferrer\">PDF<\/a><\/td>\n<td><a href=\"https:\/\/agwaymetals.com\/wp-content\/uploads\/2021\/07\/amAG_R_10FR_Model1200VentedRidge.dwg\" target=\"_blank\" rel=\"noopener noreferrer\">DWG<\/a><\/td>\n<\/tr>\n<tr>\n<td>Pointe de toit avec fermeture EPDM<\/td>\n<td><a href=\"https:\/\/agwaymetals.com\/wp-content\/uploads\/2021\/07\/amAG_R_11FR_PeakwEPDMClosure.pdf\" target=\"_blank\" rel=\"noopener noreferrer\">PDF<\/a><\/td>\n<td><a href=\"https:\/\/agwaymetals.com\/wp-content\/uploads\/2021\/07\/amAG_R_11FR_PeakwEPDMClosure.dwg\" target=\"_blank\" rel=\"noopener noreferrer\">DWG<\/a><\/td>\n<\/tr>\n<tr>\n<td>Pointe de toit avec bord pli\u00e9<\/td>\n<td><a href=\"https:\/\/agwaymetals.com\/wp-content\/uploads\/2021\/07\/amAG_R_12FR_PeakwFoldedEdge.pdf\" target=\"_blank\" rel=\"noopener noreferrer\">PDF<\/a><\/td>\n<td><a href=\"https:\/\/agwaymetals.com\/wp-content\/uploads\/2021\/07\/amAG_R_12FR_PeakwFoldedEdge.dwg\">DWG<\/a><\/td>\n<\/tr>\n<tr>\n<td>Extr\u00e9mit\u00e9 au parement de mur<\/td>\n<td><a href=\"https:\/\/agwaymetals.com\/wp-content\/uploads\/2021\/07\/amAG_R_13FR_RakeWallatSiding.pdf\" target=\"_blank\" rel=\"noopener noreferrer\">PDF<\/a><\/td>\n<td><a href=\"https:\/\/agwaymetals.com\/wp-content\/uploads\/2021\/07\/amAG_R_13FR_RakeWallatSiding.dwg\" target=\"_blank\" rel=\"noopener noreferrer\">DWG<\/a><\/td>\n<\/tr>\n<tr>\n<td>Extr\u00e9mit\u00e9 au mur de ma\u00e7onnerie<\/td>\n<td><a href=\"https:\/\/agwaymetals.com\/wp-content\/uploads\/2021\/07\/amAG_R_14FR_RakeWallatMasonry.pdf\" target=\"_blank\" rel=\"noopener noreferrer\">PDF<\/a><\/td>\n<td><a href=\"https:\/\/agwaymetals.com\/wp-content\/uploads\/2021\/07\/amAG_R_14FR_RakeWallatMasonry.dwg\" target=\"_blank\" rel=\"noopener noreferrer\">DWG<\/a><\/td>\n<\/tr>\n<tr>\n<td>Transition de la pente \u00e0 toit plat<\/td>\n<td><a href=\"https:\/\/agwaymetals.com\/wp-content\/uploads\/2021\/07\/amAG_R_15FR_SlopetoWallTransition.pdf\" target=\"_blank\" rel=\"noopener noreferrer\">PDF<\/a><\/td>\n<td><a href=\"https:\/\/agwaymetals.com\/wp-content\/uploads\/2021\/07\/amAG_R_15FR_SlopetoWallTransition.dwg\" target=\"_blank\" rel=\"noopener noreferrer\">DWG<\/a><\/td>\n<\/tr>\n<tr>\n<td>Bordure de toit ventil\u00e9<\/td>\n<td><a href=\"https:\/\/agwaymetals.com\/wp-content\/uploads\/2021\/07\/amAG_R_16FR_VentedRakeWall.pdf\" target=\"_blank\" rel=\"noopener noreferrer\">PDF<\/a><\/td>\n<td><a href=\"https:\/\/agwaymetals.com\/wp-content\/uploads\/2021\/07\/amAG_R_16FR_VentedRakeWall.dwg\" target=\"_blank\" rel=\"noopener noreferrer\">DWG<\/a><\/td>\n<\/tr>\n<tr>\n<td>Vall\u00e9e<\/td>\n<td><a href=\"https:\/\/agwaymetals.com\/wp-content\/uploads\/2021\/07\/amAG_R_17FR_Valley.pdf\" target=\"_blank\" rel=\"noopener noreferrer\">PDF<\/a><\/td>\n<td><a href=\"https:\/\/agwaymetals.com\/wp-content\/uploads\/2021\/07\/amAG_R_17FR_Valley.dwg\" target=\"_blank\" rel=\"noopener noreferrer\">DWG<\/a><\/td>\n<\/tr>\n<tr>\n<td>Transition de toit en pente \u00e0 toit plat<\/td>\n<td><a href=\"https:\/\/agwaymetals.com\/wp-content\/uploads\/2021\/07\/amAG_R_18FR_SlopetoFlatRoofTransition.pdf\" target=\"_blank\" rel=\"noopener noreferrer\">PDF<\/a><\/td>\n<td><a href=\"https:\/\/agwaymetals.com\/wp-content\/uploads\/2021\/07\/amAG_R_18FR_SlopetoFlatRoofTransition.dwg\" target=\"_blank\" rel=\"noopener noreferrer\">DWG<\/a><\/td>\n<\/tr>\n<tr>\n<td>Solin Flexible en caoutchouc<\/td>\n<td><a href=\"https:\/\/agwaymetals.com\/wp-content\/uploads\/2021\/07\/amAG_R_19FR_FlexibleRubberPipeFlashing.pdf\" target=\"_blank\" rel=\"noopener noreferrer\">PDF<\/a><\/td>\n<td><a href=\"https:\/\/agwaymetals.com\/wp-content\/uploads\/2021\/07\/amAG_R_19FR_FlexibleRubberPipeFlashing.dwg\" target=\"_blank\" rel=\"noopener noreferrer\">DWG<\/a><\/td>\n<\/tr>\n<tr>\n<td>D\u00e9tail de bordure<\/td>\n<td><a href=\"https:\/\/agwaymetals.com\/wp-content\/uploads\/2021\/07\/amAG_R_20FR_CurbDetail.pdf\" target=\"_blank\" rel=\"noopener noreferrer\">PDF<\/a><\/td>\n<td><a href=\"https:\/\/agwaymetals.com\/wp-content\/uploads\/2021\/07\/amAG_R_20FR_CurbDetail.dwg\" target=\"_blank\" rel=\"noopener noreferrer\">DWG<\/a><\/td>\n<\/tr>\n<tr>\n<td>AR-38 &amp; AR-50 Panneaux a attaches dissimul\u00e9s d\u00e9tail de chevauchement de bout<\/td>\n<td><a href=\"https:\/\/agwaymetals.com\/wp-content\/uploads\/2021\/07\/amAG_R_21FR_ARStandingSeamEndLapDetail.pdf\" target=\"_blank\" rel=\"noopener noreferrer\">PDF<\/a><\/td>\n<td><a href=\"https:\/\/agwaymetals.com\/wp-content\/uploads\/2021\/07\/amAG_R_21FR_ARStandingSeamEndLapDetail.dwg\" target=\"_blank\" rel=\"noopener\">DWG<\/a><\/td>\n<\/tr>\n<tr>\n<td>Panneau AR sur toit isol\u00e9<\/td>\n<td><a href=\"https:\/\/agwaymetals.com\/wp-content\/uploads\/2021\/07\/amAG_R_22FR_ARPanelonInsulRoof.pdf\" target=\"_blank\" rel=\"noopener noreferrer\">PDF<\/a><\/td>\n<td><a href=\"https:\/\/agwaymetals.com\/wp-content\/uploads\/2021\/07\/amAG_R_22FR_ARPanelonInsulRoof.dwg\" target=\"_blank\" rel=\"noopener\">DWG<\/a><\/td>\n<\/tr>\n<\/tbody>\n<\/table>\n","protected":false},"excerpt":{"rendered":"<p>&nbsp; D\u00c9TAILS DE TOITURE Avant-toit avec bord pli\u00e9 PDF DWG Avant-toit avec attaches PDF DWG Avant-toit avec goutti\u00e8re PDF DWG Extr\u00e9mit\u00e9 de pignon avec bord pli\u00e9 PDF DWG Extr\u00e9mit\u00e9 de pignon avec fascia PDF DWG Pignon NS-25\/38 PDF DWG Ar\u00eate\/fa\u00eete avec fermeture EPDM PDF DWG Ar\u00eate\/fa\u00eete avec bord pli\u00e9 PDF DWG Fa\u00eeti\u00e8re ventil\u00e9e PDF DWG [&hellip;]<\/p>\n","protected":false},"author":2,"featured_media":21451,"parent":0,"menu_order":55,"comment_status":"closed","ping_status":"closed","template":"","meta":{"_acf_changed":false,"footnotes":""},"class_list":["post-2540","page","type-page","status-publish","has-post-thumbnail","hentry"],"acf":[],"_links":{"self":[{"href":"https:\/\/agwaymetals.com\/fr\/wp-json\/wp\/v2\/pages\/2540","targetHints":{"allow":["GET"]}}],"collection":[{"href":"https:\/\/agwaymetals.com\/fr\/wp-json\/wp\/v2\/pages"}],"about":[{"href":"https:\/\/agwaymetals.com\/fr\/wp-json\/wp\/v2\/types\/page"}],"author":[{"embeddable":true,"href":"https:\/\/agwaymetals.com\/fr\/wp-json\/wp\/v2\/users\/2"}],"replies":[{"embeddable":true,"href":"https:\/\/agwaymetals.com\/fr\/wp-json\/wp\/v2\/comments?post=2540"}],"version-history":[{"count":12,"href":"https:\/\/agwaymetals.com\/fr\/wp-json\/wp\/v2\/pages\/2540\/revisions"}],"predecessor-version":[{"id":23468,"href":"https:\/\/agwaymetals.com\/fr\/wp-json\/wp\/v2\/pages\/2540\/revisions\/23468"}],"wp:featuredmedia":[{"embeddable":true,"href":"https:\/\/agwaymetals.com\/fr\/wp-json\/wp\/v2\/media\/21451"}],"wp:attachment":[{"href":"https:\/\/agwaymetals.com\/fr\/wp-json\/wp\/v2\/media?parent=2540"}],"curies":[{"name":"wp","href":"https:\/\/api.w.org\/{rel}","templated":true}]}}