{"id":3544,"date":"2018-11-22T21:06:38","date_gmt":"2018-11-22T21:06:38","guid":{"rendered":"https:\/\/agwaymetals.com-2021\/homeowners\/"},"modified":"2021-06-25T03:46:08","modified_gmt":"2021-06-25T03:46:08","slug":"homeowners","status":"publish","type":"page","link":"https:\/\/agwaymetals.com\/fr\/homeowners\/","title":{"rendered":"Propri\u00e9taire"},"content":{"rendered":"\n    <div class=\"page-container \">\n\n\n\n        <\/p>\n<p>Depuis 1979, la soci\u00e9t\u00e9 Agway Metals est un chef de file en fabrication de produits de construction en acier de premi\u00e8re qualit\u00e9. Initialement fond\u00e9e pour desservir le march\u00e9 agricole de l\u2019Ontario, Agway, dont la renomm\u00e9e repose sur son sens de l\u2019innovation et ses produits r\u00e9volutionnaires et sur l\u2019excellence de son service \u00e0 la client\u00e8le, a \u00e9largi ses activit\u00e9s pour inclure le march\u00e9 des toitures r\u00e9sidentielles.<\/p>\n<p>De la beaut\u00e9 traditionnelle des styles conventionnels aux lignes modernes \u00e9pur\u00e9es des mod\u00e8les contemporains, le vaste \u00e9ventail de toits r\u00e9sidentiels de Agway int\u00e8gre la durabilit\u00e9 et la protection exceptionnelles de l\u2019acier \u00e0 un esth\u00e9tisme architectural spectaculaire s\u2019harmonisant \u00e0 toute maison, tout chalet et leur environnement.<\/p>\n<p>Un toit d\u2019acier Agway sur votre maison ou votre chalet en rehausse la beaut\u00e9 et la valeur tout la vie durant. De plus, notre r\u00e9putation de longue date en mati\u00e8re de service \u00e0 la client\u00e8le exceptionnel, sans probl\u00e8me, t\u00e9moigne de la facilit\u00e9 de faire affaire avec nous.<\/p>\n<div class=\"view-footer\">\n<h2 class=\"title\">Avantages de l&rsquo;acier<\/h2>\n<p>Depuis plus de 30 ans, les toits d\u2019acier de Agway constituent des solutions \u00e9prouv\u00e9es dont les avantages pratiques sur le plan des \u00e9conomies et du rendement sont significatifs tant pour les applications commerciales que pour les applications institutionnelles. D\u00e9sormais, les propri\u00e9taires de r\u00e9sidences peuvent profiter des m\u00eames avantages pour leur domicile ou leur chalet.<\/p>\n<p>\n\n\n    <\/div>\n\n    \n<table>\n<tbody>\n<tr>\n<td width=\"100\"><img decoding=\"async\" class=\"without-border\" src=\"https:\/\/agwaymetals.com\/wp-content\/uploads\/2018\/11\/longer.png\" \/><\/td>\n<td width=\"250\">VIE UTILE PROLONG\u00c9E<\/p>\n<p>Gr\u00e2ce \u00e0 une vie utile de 40 \u00e0 60 ans, les toits d\u2019acier Agway durent de 3 \u00e0 4 fois plus longtemps que les bardeaux d\u2019asphalte conventionnels.<\/td>\n<td width=\"100\"><img loading=\"lazy\" decoding=\"async\" class=\"without-border\" src=\"https:\/\/agwaymetals.com\/wp-content\/uploads\/2018\/11\/maintenance.png\" width=\"90\" height=\"80\" \/><\/td>\n<td width=\"250\">FAIBLE ENTRETIEN<\/p>\n<p>Les toits d\u2019acier Agway r\u00e9sistent \u00e0 tout ce que dame Nature leur r\u00e9serve, que ce soit les intemp\u00e9ries, les polluants, les termites, la moisissure et les animaux destructeurs; de plus, ils font fi des \u00e9ventuelles accumulations de glace et de neige.<\/td>\n<\/tr>\n<tr>\n<td><img loading=\"lazy\" decoding=\"async\" class=\"without-border\" src=\"https:\/\/agwaymetals.com\/wp-content\/uploads\/2018\/11\/weather.png\" width=\"90\" height=\"80\" \/><\/td>\n<td>R\u00c9SISTANCE AUX INTEMP\u00c9RIES<\/p>\n<p>Les syst\u00e8mes de toiture d\u2019acier r\u00e9sistent aux forts vents et aux conditions m\u00e9t\u00e9orologiques s\u00e9v\u00e8res, notamment la gr\u00eale, l\u2019humidit\u00e9 et les temp\u00e9ratures extr\u00eames.<\/td>\n<td><img loading=\"lazy\" decoding=\"async\" class=\"without-border\" src=\"https:\/\/agwaymetals.com\/wp-content\/uploads\/2018\/11\/environmentally.png\" width=\"90\" height=\"80\" \/><\/td>\n<td>PRODUITS \u00c9COLOGIQUES<\/p>\n<p>L\u2019acier d\u2019Agway est recyclable \u00e0 100 % et la majorit\u00e9 de nos produits sont fabriqu\u00e9s en partie avec de l\u2019acier recycl\u00e9.<\/td>\n<\/tr>\n<tr>\n<td><img loading=\"lazy\" decoding=\"async\" class=\"without-border\" src=\"https:\/\/agwaymetals.com\/wp-content\/uploads\/2018\/11\/profiles.png\" width=\"90\" height=\"80\" \/><\/td>\n<td>NOMBREUX PROFIL\u00c9S ET NOMBREUSES COULEURS<\/p>\n<p>Les toits d\u2019acier Agway sont propos\u00e9s dans tout un \u00e9ventail de couleurs et de finis standard ou hors s\u00e9rie pour s\u2019agencer \u00e0 votre r\u00e9sidence et en agr\u00e9menter l\u2019attrait esth\u00e9tique.<\/td>\n<td>\u00a0<img loading=\"lazy\" decoding=\"async\" class=\"without-border\" src=\"https:\/\/agwaymetals.com\/wp-content\/uploads\/2018\/11\/non-combustible.png\" width=\"90\" height=\"80\" \/><\/td>\n<td>MAT\u00c9RIAU NON COMBUSTIBLE<\/p>\n<p>Comme il est \u00e0 l\u2019\u00e9preuve des incendies, des \u00e9tincelles et des flammes, un toit d\u2019acier Agway rehaussera la s\u00e9curit\u00e9 de votre maison ou de votre chalet et contribuera \u00e0 de meilleurs classements de r\u00e9sistance au feu.<\/td>\n<\/tr>\n<tr>\n<td><img loading=\"lazy\" decoding=\"async\" class=\"without-border\" src=\"https:\/\/agwaymetals.com\/wp-content\/uploads\/2018\/11\/lightweight.png\" width=\"90\" height=\"80\" \/><\/td>\n<td>L\u00c9GER ET FACILE D\u2019INSTALLATION<\/p>\n<p>Les toits d\u2019acier Agway sont jusqu\u2019\u00e0 50 % plus l\u00e9gers que les mat\u00e9riaux de toiture traditionnels et on peut les installer directement sur les toits en place, sans enlever les vieux bardeaux, ce qui r\u00e9duit la production de d\u00e9chets et la pollution de l\u2019environnement.<\/td>\n<\/tr>\n<\/tbody>\n<\/table>\n<\/div>\n","protected":false},"excerpt":{"rendered":"<p>VIE UTILE PROLONG\u00c9E Gr\u00e2ce \u00e0 une vie utile de 40 \u00e0 60 ans, les toits d\u2019acier Agway durent de 3 \u00e0 4 fois plus longtemps que les bardeaux d\u2019asphalte conventionnels. FAIBLE ENTRETIEN Les toits d\u2019acier Agway r\u00e9sistent \u00e0 tout ce que dame Nature leur r\u00e9serve, que ce soit les intemp\u00e9ries, les polluants, les termites, la [&hellip;]<\/p>\n","protected":false},"author":4,"featured_media":21464,"parent":0,"menu_order":21,"comment_status":"closed","ping_status":"closed","template":"","meta":{"_acf_changed":false,"footnotes":""},"class_list":["post-3544","page","type-page","status-publish","has-post-thumbnail","hentry"],"acf":[],"_links":{"self":[{"href":"https:\/\/agwaymetals.com\/fr\/wp-json\/wp\/v2\/pages\/3544","targetHints":{"allow":["GET"]}}],"collection":[{"href":"https:\/\/agwaymetals.com\/fr\/wp-json\/wp\/v2\/pages"}],"about":[{"href":"https:\/\/agwaymetals.com\/fr\/wp-json\/wp\/v2\/types\/page"}],"author":[{"embeddable":true,"href":"https:\/\/agwaymetals.com\/fr\/wp-json\/wp\/v2\/users\/4"}],"replies":[{"embeddable":true,"href":"https:\/\/agwaymetals.com\/fr\/wp-json\/wp\/v2\/comments?post=3544"}],"version-history":[{"count":27,"href":"https:\/\/agwaymetals.com\/fr\/wp-json\/wp\/v2\/pages\/3544\/revisions"}],"predecessor-version":[{"id":20762,"href":"https:\/\/agwaymetals.com\/fr\/wp-json\/wp\/v2\/pages\/3544\/revisions\/20762"}],"wp:featuredmedia":[{"embeddable":true,"href":"https:\/\/agwaymetals.com\/fr\/wp-json\/wp\/v2\/media\/21464"}],"wp:attachment":[{"href":"https:\/\/agwaymetals.com\/fr\/wp-json\/wp\/v2\/media?parent=3544"}],"curies":[{"name":"wp","href":"https:\/\/api.w.org\/{rel}","templated":true}]}}