{"id":3547,"date":"2018-11-22T21:07:20","date_gmt":"2018-11-22T21:07:20","guid":{"rendered":"https:\/\/agwaymetals.com-2021\/careers\/"},"modified":"2025-07-07T14:52:21","modified_gmt":"2025-07-07T14:52:21","slug":"careers","status":"publish","type":"page","link":"https:\/\/agwaymetals.com\/fr\/careers\/","title":{"rendered":"Carri\u00e8res"},"content":{"rendered":"<p>Chez Agway Metals, fier membre de la famille Saint-Gobain, nous partageons une m\u00eame mission : <strong>Faire du monde une meilleure maison<\/strong>. Soutenus par la force et l&rsquo;innovation de Saint-Gobain Am\u00e9rique du Nord, nous fournissons des solutions de construction m\u00e9tallique de classe mondiale avec un engagement de qualit\u00e9, de durabilit\u00e9 et de succ\u00e8s pour nos clients. Notre \u00e9quipe est anim\u00e9e par une passion pour l&rsquo;excellence et les id\u00e9es diverses qui alimentent le progr\u00e8s dans les secteurs de la construction et de la fabrication.<\/p>\n<p><strong>Vous souhaitez rejoindre une \u00e9quipe qui fa\u00e7onne l&rsquo;avenir et avec laquelle il est plus facile de faire des affaires ?<br \/>\n<\/strong>Cliquez <a href=\"https:\/\/fr.saint-gobain-northamerica.ca\/careers\" target=\"_blank\" rel=\"noopener\">ici<\/a> pour explorer les opportunit\u00e9s de carri\u00e8re chez Agway et dans toute la famille des soci\u00e9t\u00e9s Saint-Gobain, et d\u00e9couvrez comment vous pouvez faire partie de quelque chose de plus grand.<\/p>\n","protected":false},"excerpt":{"rendered":"<p>Chez Agway Metals, fier membre de la famille Saint-Gobain, nous partageons une m\u00eame mission : Faire du monde une meilleure maison. Soutenus par la force et l&rsquo;innovation de Saint-Gobain Am\u00e9rique du Nord, nous fournissons des solutions de construction m\u00e9tallique de classe mondiale avec un engagement de qualit\u00e9, de durabilit\u00e9 et de succ\u00e8s pour nos clients. [&hellip;]<\/p>\n","protected":false},"author":4,"featured_media":21474,"parent":0,"menu_order":15,"comment_status":"closed","ping_status":"closed","template":"","meta":{"_acf_changed":false,"footnotes":""},"class_list":["post-3547","page","type-page","status-publish","has-post-thumbnail","hentry"],"acf":[],"_links":{"self":[{"href":"https:\/\/agwaymetals.com\/fr\/wp-json\/wp\/v2\/pages\/3547","targetHints":{"allow":["GET"]}}],"collection":[{"href":"https:\/\/agwaymetals.com\/fr\/wp-json\/wp\/v2\/pages"}],"about":[{"href":"https:\/\/agwaymetals.com\/fr\/wp-json\/wp\/v2\/types\/page"}],"author":[{"embeddable":true,"href":"https:\/\/agwaymetals.com\/fr\/wp-json\/wp\/v2\/users\/4"}],"replies":[{"embeddable":true,"href":"https:\/\/agwaymetals.com\/fr\/wp-json\/wp\/v2\/comments?post=3547"}],"version-history":[{"count":29,"href":"https:\/\/agwaymetals.com\/fr\/wp-json\/wp\/v2\/pages\/3547\/revisions"}],"predecessor-version":[{"id":25696,"href":"https:\/\/agwaymetals.com\/fr\/wp-json\/wp\/v2\/pages\/3547\/revisions\/25696"}],"wp:featuredmedia":[{"embeddable":true,"href":"https:\/\/agwaymetals.com\/fr\/wp-json\/wp\/v2\/media\/21474"}],"wp:attachment":[{"href":"https:\/\/agwaymetals.com\/fr\/wp-json\/wp\/v2\/media?parent=3547"}],"curies":[{"name":"wp","href":"https:\/\/api.w.org\/{rel}","templated":true}]}}