{"id":470,"date":"2017-04-17T16:55:55","date_gmt":"2017-04-17T16:55:55","guid":{"rendered":"https:\/\/agwaymetals.com-2021\/?page_id=470\/"},"modified":"2026-03-05T18:27:10","modified_gmt":"2026-03-05T18:27:10","slug":"home","status":"publish","type":"page","link":"https:\/\/agwaymetals.com\/fr\/","title":{"rendered":"Home &#8211; French"},"content":{"rendered":"<p>\n    <div class=\"page-container \">\n\n\n\n        <br \/>\n\n    <div class=\"favorite-page-section\">\n\n        <div class=\"favorite-page-container\">\n\n\n\n            <div class=\"favorite-page-wrap\">\n\n                <h3>Favourite Pages<\/h3>\n\n                \n               <ul id=\"default-list\">\n\n                   \n\n\n                       <li>\n\n                           <a href=\"https:\/\/agwaymetals.com\/fr\/product\/stratus\/\"><\/a>\n\n                           <div class=\"icon\"><i class=\"fas fa-warehouse\" aria-hidden=\"true\"><\/i><\/div>\n\n                           <div class=\"pagetitle\"><a href=\"https:\/\/agwaymetals.com\/fr\/product\/stratus\/\">Stratus<\/a><\/div>\n\n                       <\/li>\n\n                   \n\n\n                       <li>\n\n                           <a href=\"https:\/\/agwaymetals.com\/fr\/product\/century-rib_mr\/\"><\/a>\n\n                           <div class=\"icon\"><i class=\"fas fa-store-alt\" aria-hidden=\"true\"><\/i><\/div>\n\n                           <div class=\"pagetitle\"><a href=\"https:\/\/agwaymetals.com\/fr\/product\/century-rib_mr\/\">Centry Rib<\/a><\/div>\n\n                       <\/li>\n\n                   \n\n\n                       <li>\n\n                           <a href=\"https:\/\/agwaymetals.com\/fr\/product\/toit-de-metal-a-joints-debout-ar\/\"><\/a>\n\n                           <div class=\"icon\"><i class=\"fas fa-store-alt\" aria-hidden=\"true\"><\/i><\/div>\n\n                           <div class=\"pagetitle\"><a href=\"https:\/\/agwaymetals.com\/fr\/product\/toit-de-metal-a-joints-debout-ar\/\">Toit de m\u00e9tal \u00e0 joints debout AR<\/a><\/div>\n\n                       <\/li>\n\n                   \n\n\n                       <li>\n\n                           <a href=\"https:\/\/agwaymetals.com\/product\/wallceilingboard\/\"><\/a>\n\n                           <div class=\"icon\"><i class=\"fas fa-vector-square\" aria-hidden=\"true\"><\/i><\/div>\n\n                           <div class=\"pagetitle\"><a href=\"https:\/\/agwaymetals.com\/product\/wallceilingboard\/\">Wall & Ceiling Boards<\/a><\/div>\n\n                       <\/li>\n\n                   \n\n\n                       <li>\n\n                           <a href=\"https:\/\/agwaymetals.com\/fr\/product\/indaten-mc\/\"><\/a>\n\n                           <div class=\"icon\"><i class=\"fas fa-fill-drip\" aria-hidden=\"true\"><\/i><\/div>\n\n                           <div class=\"pagetitle\"><a href=\"https:\/\/agwaymetals.com\/fr\/product\/indaten-mc\/\">Indaten\u2122<\/a><\/div>\n\n                       <\/li>\n\n                   \n\n\n                       <li>\n\n                           <a href=\"https:\/\/agwaymetals.com\/fr\/product\/etudes-de-cas\/\"><\/a>\n\n                           <div class=\"icon\"><i class=\"fas fa-database\" aria-hidden=\"true\"><\/i><\/div>\n\n                           <div class=\"pagetitle\"><a href=\"https:\/\/agwaymetals.com\/fr\/product\/etudes-de-cas\/\">\u00c9tudes de cas et Profils de projets<\/a><\/div>\n\n                       <\/li>\n\n                   \n               <\/ul>\n\n\n\n                <ul id=\"favorite-list\">\n\n\n\n                <\/ul>\n\n\n\n            <\/div>\n\n\n\n        <\/div>\n\n    <\/div>\n\n\n\n    \n\n\n    <\/div>\n\n    <br \/>\n\n    <div class=\"news-section\">\n\n        <div class=\"page-container\">\n\n            <div class=\"news-section-wrap\">\n\n\n\n                <div class=\"news-section-right\">\n\n                    \n                        <div class=\"latestnews-section \">\n\n\n\n                        \n                            <h3>Nouvelles<\/h3>\n\n                            \n                        <div class=\"latestnews-wrap slickclider\">\n\n\n\n                            \n                                <div class=\"latestnews-item\">\n\n\n\n                                    <a href=\"https:\/\/agwaymetals.com\/fr\/mesures-prises-pour-prevenir-et-reduire-les-risques-de-travail-force-et-de-travail-des-enfants-dans-la-chaine-dapprovisionnement\/\" aria-label=\"link to Mesures prises pour pr\u00e9venir et r\u00e9duire les risques de travail forc\u00e9 et de travail des enfants dans la cha\u00eene d&rsquo;approvisionnements\">\n\n                                        <div class=\"content\">\n\n\n\n                                            <div class=\"content-overlay\"><\/div>\n\n                                            <div class=\"content-img-wrap\">\n\n                                                <img decoding=\"async\" class=\"content-image\" src=\"https:\/\/agwaymetals.com\/wp-content\/uploads\/2025\/06\/preventChildLabour-copy.jpg\" alt=\"image for Mesures prises pour pr\u00e9venir et r\u00e9duire les risques de travail forc\u00e9 et de travail des enfants dans la cha\u00eene d&rsquo;approvisionnement\">\n\n                                            <\/div>\n\n                                            <div class=\"content-details\" data-aos=\"fade-up\">\n\n                                                <div class=\"info-container\" data-aos-duration=\"1000\">\n\n                                                    <div class=\"info-inner\">\n\n                                                        <div class=\"etxrainfo\">\n\n                                                            <h6><span>-<\/span> 06.09.2025<\/h6>\n\n\n\n                                                            <h4> Mesures prises pour pr\u00e9venir et r\u00e9duire les risques de travail forc\u00e9 et de travail des enfants dans la cha\u00eene d&rsquo;approvisionnement<\/h4>\n\n\n\n                                                            <p>\n\n                                                                \n                                                            <\/p>\n\n                                                        <\/div>\n\n                                                        <div class=\"button-div\">\n\n\n\n                                \n                                    Lire la suite\n\n                                    \n                                                        <\/div>\n\n                                                    <\/div>\n\n                                                <\/div>\n\n\n\n                                            <\/div>\n\n\n\n                                        <\/div>\n\n                                    <\/a>\n\n                                <\/div>\n\n\n\n\n\n                            \n                                <div class=\"latestnews-item\">\n\n\n\n                                    <a href=\"https:\/\/agwaymetals.com\/fr\/nouvelle-usine-de-fabrication-maintenant-operationnelle-a-drummondville\/\" aria-label=\"link to Nouvelle Usine de Fabrication Maintenant Op\u00e9rationnelle \u00e0 Drummondville.s\">\n\n                                        <div class=\"content\">\n\n\n\n                                            <div class=\"content-overlay\"><\/div>\n\n                                            <div class=\"content-img-wrap\">\n\n                                                <img decoding=\"async\" class=\"content-image\" src=\"https:\/\/agwaymetals.com\/wp-content\/uploads\/2024\/10\/drummondvilleArticle_101.jpg\" alt=\"image for Nouvelle Usine de Fabrication Maintenant Op\u00e9rationnelle \u00e0 Drummondville.\">\n\n                                            <\/div>\n\n                                            <div class=\"content-details\" data-aos=\"fade-up\">\n\n                                                <div class=\"info-container\" data-aos-duration=\"1000\">\n\n                                                    <div class=\"info-inner\">\n\n                                                        <div class=\"etxrainfo\">\n\n                                                            <h6><span>-<\/span> 10.02.2024<\/h6>\n\n\n\n                                                            <h4> Nouvelle Usine de Fabrication Maintenant Op\u00e9rationnelle \u00e0 Drummondville.<\/h4>\n\n\n\n                                                            <p>\n\n                                                                Il s&rsquo;agit d&rsquo;un d\u00e9veloppement important qui nous permettra de mieux servir nos pr\u00e9cieux clients du Qu\u00e9bec et des Maritimes et d&rsquo;am\u00e9liorer notre qualit\u00e9 et notre...\n                                                            <\/p>\n\n                                                        <\/div>\n\n                                                        <div class=\"button-div\">\n\n\n\n                                \n                                    Lire la suite\n\n                                    \n                                                        <\/div>\n\n                                                    <\/div>\n\n                                                <\/div>\n\n\n\n                                            <\/div>\n\n\n\n                                        <\/div>\n\n                                    <\/a>\n\n                                <\/div>\n\n\n\n\n\n                            \n                                <div class=\"latestnews-item\">\n\n\n\n                                    <a href=\"https:\/\/agwaymetals.com\/fr\/le-partenariat-de-bailey-avec-saint-gobain\/\" aria-label=\"link to Le partenariat de Bailey avec Saint-Gobains\">\n\n                                        <div class=\"content\">\n\n\n\n                                            <div class=\"content-overlay\"><\/div>\n\n                                            <div class=\"content-img-wrap\">\n\n                                                <img decoding=\"async\" class=\"content-image\" src=\"https:\/\/agwaymetals.com\/wp-content\/uploads\/2024\/06\/baileyArticleImage_100.jpg\" alt=\"image for Le partenariat de Bailey avec Saint-Gobain\">\n\n                                            <\/div>\n\n                                            <div class=\"content-details\" data-aos=\"fade-up\">\n\n                                                <div class=\"info-container\" data-aos-duration=\"1000\">\n\n                                                    <div class=\"info-inner\">\n\n                                                        <div class=\"etxrainfo\">\n\n                                                            <h6><span>-<\/span> 06.04.2024<\/h6>\n\n\n\n                                                            <h4> Le partenariat de Bailey avec Saint-Gobain<\/h4>\n\n\n\n                                                            <p>\n\n                                                                Le groupe de soci\u00e9t\u00e9s Bailey (Produits M\u00e9talliques Bailey, Bailey Metal Processing et M\u00e9taux Agway) commence le prochain chapitre de notre histoire.\n                                                            <\/p>\n\n                                                        <\/div>\n\n                                                        <div class=\"button-div\">\n\n\n\n                                \n                                    Lire la suite\n\n                                    \n                                                        <\/div>\n\n                                                    <\/div>\n\n                                                <\/div>\n\n\n\n                                            <\/div>\n\n\n\n                                        <\/div>\n\n                                    <\/a>\n\n                                <\/div>\n\n\n\n\n\n                            \n                                <div class=\"latestnews-item\">\n\n\n\n                                    <a href=\"https:\/\/agwaymetals.com\/fr\/agway-annonce-une-mise-a-jour-de-la-couleur-qc-28234-orange-international\/\" aria-label=\"link to Agway annonce une mise \u00e0 jour de la couleur QC 28234 Orange internationals\">\n\n                                        <div class=\"content\">\n\n\n\n                                            <div class=\"content-overlay\"><\/div>\n\n                                            <div class=\"content-img-wrap\">\n\n                                                <img decoding=\"async\" class=\"content-image\" src=\"https:\/\/agwaymetals.com\/wp-content\/uploads\/2024\/02\/intlOrangeUpdateArticle_100jpg.jpg\" alt=\"image for Agway annonce une mise \u00e0 jour de la couleur QC 28234 Orange international\">\n\n                                            <\/div>\n\n                                            <div class=\"content-details\" data-aos=\"fade-up\">\n\n                                                <div class=\"info-container\" data-aos-duration=\"1000\">\n\n                                                    <div class=\"info-inner\">\n\n                                                        <div class=\"etxrainfo\">\n\n                                                            <h6><span>-<\/span> 02.21.2024<\/h6>\n\n\n\n                                                            <h4> Agway annonce une mise \u00e0 jour de la couleur QC 28234 Orange international<\/h4>\n\n\n\n                                                            <p>\n\n                                                                \n                                                            <\/p>\n\n                                                        <\/div>\n\n                                                        <div class=\"button-div\">\n\n\n\n                                \n                                    Lire la suite\n\n                                    \n                                                        <\/div>\n\n                                                    <\/div>\n\n                                                <\/div>\n\n\n\n                                            <\/div>\n\n\n\n                                        <\/div>\n\n                                    <\/a>\n\n                                <\/div>\n\n\n\n\n\n                            \n                        <\/div>\n\n                        <\/div>\n\n\n                <\/div>\n\n            <\/div>\n\n        <\/div>\n\n    <\/div>\n\n    <\/p>\n","protected":false},"excerpt":{"rendered":"","protected":false},"author":1,"featured_media":0,"parent":0,"menu_order":30,"comment_status":"closed","ping_status":"closed","template":"templates\/template-home.php","meta":{"_acf_changed":false,"footnotes":""},"class_list":["post-470","page","type-page","status-publish","hentry"],"acf":[],"_links":{"self":[{"href":"https:\/\/agwaymetals.com\/fr\/wp-json\/wp\/v2\/pages\/470","targetHints":{"allow":["GET"]}}],"collection":[{"href":"https:\/\/agwaymetals.com\/fr\/wp-json\/wp\/v2\/pages"}],"about":[{"href":"https:\/\/agwaymetals.com\/fr\/wp-json\/wp\/v2\/types\/page"}],"author":[{"embeddable":true,"href":"https:\/\/agwaymetals.com\/fr\/wp-json\/wp\/v2\/users\/1"}],"replies":[{"embeddable":true,"href":"https:\/\/agwaymetals.com\/fr\/wp-json\/wp\/v2\/comments?post=470"}],"version-history":[{"count":80,"href":"https:\/\/agwaymetals.com\/fr\/wp-json\/wp\/v2\/pages\/470\/revisions"}],"predecessor-version":[{"id":26136,"href":"https:\/\/agwaymetals.com\/fr\/wp-json\/wp\/v2\/pages\/470\/revisions\/26136"}],"wp:attachment":[{"href":"https:\/\/agwaymetals.com\/fr\/wp-json\/wp\/v2\/media?parent=470"}],"curies":[{"name":"wp","href":"https:\/\/api.w.org\/{rel}","templated":true}]}}