{"id":7037,"date":"2019-01-09T14:30:54","date_gmt":"2019-01-09T14:30:54","guid":{"rendered":"https:\/\/agwaymetals.com-2021\/?page_id=7037\/"},"modified":"2023-07-25T13:38:05","modified_gmt":"2023-07-25T13:38:05","slug":"serie-ns","status":"publish","type":"page","link":"https:\/\/agwaymetals.com\/fr\/serie-ns\/","title":{"rendered":"Nail Strip"},"content":{"rendered":"\n\n\n\n\n    <div class=\"color-content-section\">\n\n        <div class=\"color-content-wrapper\">\n\n            <div class=\"color-content-header\">\n\n                \n                <h1><\/h1>\n\n            <\/div>\n\n            <div class=\"color-content\">\n\n                <br \/>\nNon seulement est-elle l\u2019un des profil\u00e9s de Agway les plus populaires, la s\u00e9rie NS est aussi notre type de toit le plus \u00e9conomique. Un toit \u00e0 bande clout\u00e9e s\u2019installe rapidement et ses lignes contemporaines \u00e9pur\u00e9es n\u2019exposent aucune de ses attaches. En guise de compl\u00e9ment \u00e0 son apparence d\u2019ensemble, on peut y ajouter, en option, des canules de rigidit\u00e9 et des garnitures capuchons. La vaste palette de couleurs de Agway permet l\u2019agencement avec pratiquement toute r\u00e9sidence ou tout chalet.<\/p>\n<h2>Ressources<\/h2>\n<table>\n<tbody>\n<tr>\n<td><a href=\"https:\/\/agwaymetals.com\/wp-content\/uploads\/2021\/08\/resRoofBroch2024Fr_100.pdf\" target=\"_blank\" rel=\"noopener\">Brochure sur les toits d\u2019acier r\u00e9sidentiels<\/a><\/td>\n<\/tr>\n<tr class=\"odd\">\n<td><a href=\"https:\/\/agwaymetals.com\/wp-content\/uploads\/2019\/01\/agwayFAQ_102.pdf\" target=\"_blank\" rel=\"noopener\">FAQ sur les toits d\u2019acier r\u00e9sidentiels<\/a><\/td>\n<\/tr>\n<tr>\n<td><a href=\"https:\/\/agwaymetals.com\/wp-content\/uploads\/2019\/01\/agwayContractorFormFR_102.pdf\" target=\"_blank\" rel=\"noopener\">Formulaire de localisteur d\u2019entrepreneurs<\/a><\/td>\n<\/tr>\n<tr>\n<td><a href=\"https:\/\/www.youtube.com\/embed\/f9eXCrkXCVQ\" target=\"_blank\" rel=\"noopener\">Vid\u00e9o d\u2019installation <\/a><\/td>\n<\/tr>\n<tr>\n<td><a href=\"https:\/\/agwaymetals.com\/wp-content\/uploads\/2021\/06\/amAR_NS_SLInstallGuideFR_116.pdf\" target=\"_blank\" rel=\"noopener\">Toit de m\u00e9tal \u00e0 joints debout AR, Nail Strip, Snap Lock Guide d\u2019installation<\/a><\/td>\n<\/tr>\n<\/tbody>\n<\/table>\n<h2>Image du profil\u00e9<\/h2>\n<p><img loading=\"lazy\" decoding=\"async\" class=\"alignnone wp-image-16500 size-medium\" src=\"https:\/\/agwaymetals.com\/wp-content\/uploads\/2021\/06\/nailStrip3DFR_102.png\" alt=\"\" width=\"618\" height=\"193\" \/><\/p>\n<p>\n            <\/div>\n\n\n\n            <div class=\"color-container\">\n\n                <h2>Available Colours<\/h2>\n\n                \n                <h3>Perspectra Plus<\/h3>\n\n                    <div class=\"colors\">\n\n                        \n                            <div class=\"color\">\n\n                                <img loading=\"lazy\" decoding=\"async\" width=\"108\" height=\"72\" src=\"https:\/\/agwaymetals.com\/wp-content\/uploads\/2021\/06\/black.png\" class=\"attachment-full size-full\" alt=\"Black colour\" \/>\n                                <p>Noir<\/p>\n\n                            <\/div>\n\n\n\n                        \n                            <div class=\"color\">\n\n                                <img loading=\"lazy\" decoding=\"async\" width=\"108\" height=\"72\" src=\"https:\/\/agwaymetals.com\/wp-content\/uploads\/2021\/06\/boneWhite.png\" class=\"attachment-full size-full\" alt=\"Black colour\" \/>\n                                <p>Blanc os<\/p>\n\n                            <\/div>\n\n\n\n                        \n                            <div class=\"color\">\n\n                                <img loading=\"lazy\" decoding=\"async\" width=\"108\" height=\"72\" src=\"https:\/\/agwaymetals.com\/wp-content\/uploads\/2021\/06\/charcoal.png\" class=\"attachment-full size-full\" alt=\"Charcoal colour\" \/>\n                                <p>Fusain<\/p>\n\n                            <\/div>\n\n\n\n                        \n                            <div class=\"color\">\n\n                                <img loading=\"lazy\" decoding=\"async\" width=\"108\" height=\"72\" src=\"https:\/\/agwaymetals.com\/wp-content\/uploads\/2021\/06\/darkBrown.png\" class=\"attachment-full size-full\" alt=\"DarkBrown colour\" \/>\n                                <p>Brun fonc\u00e9<\/p>\n\n                            <\/div>\n\n\n\n                        \n                            <div class=\"color\">\n\n                                <img loading=\"lazy\" decoding=\"async\" width=\"108\" height=\"72\" src=\"https:\/\/agwaymetals.com\/wp-content\/uploads\/2021\/06\/melchersGreen.png\" class=\"attachment-full size-full\" alt=\"MelchersGreen colour\" \/>\n                                <p>Vert melcher\u2019s<\/p>\n\n                            <\/div>\n\n\n\n                        \n                            <div class=\"color\">\n\n                                <img loading=\"lazy\" decoding=\"async\" width=\"108\" height=\"72\" src=\"https:\/\/agwaymetals.com\/wp-content\/uploads\/2021\/06\/metroBrown.png\" class=\"attachment-full size-full\" alt=\"MetroBrown colour\" \/>\n                                <p>Brun m\u00e9tro<\/p>\n\n                            <\/div>\n\n\n\n                        \n                            <div class=\"color\">\n\n                                <img loading=\"lazy\" decoding=\"async\" width=\"108\" height=\"72\" src=\"https:\/\/agwaymetals.com\/wp-content\/uploads\/2021\/06\/regentGrey.png\" class=\"attachment-full size-full\" alt=\"RegentGrey colour\" \/>\n                                <p>Gris r\u00e9gent<\/p>\n\n                            <\/div>\n\n\n\n                        \n                            <div class=\"color\">\n\n                                <img loading=\"lazy\" decoding=\"async\" width=\"108\" height=\"72\" src=\"https:\/\/agwaymetals.com\/wp-content\/uploads\/2021\/06\/silver.png\" class=\"attachment-full size-full\" alt=\"RegentGrey\" \/>\n                                <p>Argent<\/p>\n\n                            <\/div>\n\n\n\n                        \n                            <div class=\"color\">\n\n                                <img loading=\"lazy\" decoding=\"async\" width=\"108\" height=\"72\" src=\"https:\/\/agwaymetals.com\/wp-content\/uploads\/2021\/06\/slateGrey.png\" class=\"attachment-full size-full\" alt=\"SlateGrey colour\" \/>\n                                <p>Gris ardoise<\/p>\n\n                            <\/div>\n\n\n\n                        \n                            <div class=\"color\">\n\n                                <img loading=\"lazy\" decoding=\"async\" width=\"108\" height=\"72\" src=\"https:\/\/agwaymetals.com\/wp-content\/uploads\/2021\/06\/stoneGrey.png\" class=\"attachment-full size-full\" alt=\"SlateGrey\" \/>\n                                <p>Gris pierre<\/p>\n\n                            <\/div>\n\n\n\n                        \n                            <div class=\"color\">\n\n                                <img loading=\"lazy\" decoding=\"async\" width=\"108\" height=\"72\" src=\"https:\/\/agwaymetals.com\/wp-content\/uploads\/2021\/06\/whiteWhite.png\" class=\"attachment-full size-full\" alt=\"WhiteWhite colour\" \/>\n                                <p>Blanc pur<\/p>\n\n                            <\/div>\n\n\n\n                        \n                    <\/div>\n\n                \n                \n                    <h3>Wrinkle Coat<\/h3>\n\n                    <div class=\"colors\">\n\n                        \n                            <div class=\"color\">\n\n                                <img loading=\"lazy\" decoding=\"async\" width=\"108\" height=\"72\" src=\"https:\/\/agwaymetals.com\/wp-content\/uploads\/2021\/06\/gdmBlueGrey.png\" class=\"attachment-full size-full\" alt=\"GdmBlueGrey colour\" \/>\n                                <p>Gris profond<\/p>\n\n                            <\/div>\n\n\n\n                        \n                            <div class=\"color\">\n\n                                <img loading=\"lazy\" decoding=\"async\" width=\"108\" height=\"72\" src=\"https:\/\/agwaymetals.com\/wp-content\/uploads\/2021\/06\/gdmJetBlack.png\" class=\"attachment-full size-full\" alt=\"GdmJetBlack colour\" \/>\n                                <p>\u00c9b\u00e8ne<\/p>\n\n                            <\/div>\n\n\n\n                        \n                            <div class=\"color\">\n\n                                <img loading=\"lazy\" decoding=\"async\" width=\"108\" height=\"72\" src=\"https:\/\/agwaymetals.com\/wp-content\/uploads\/2021\/06\/gdmGraphiteGrey.png\" class=\"attachment-full size-full\" alt=\"GdmGraphiteGrey colour\" \/>\n                                <p>Graphite<\/p>\n\n                            <\/div>\n\n\n\n                        \n                            <div class=\"color\">\n\n                                <img loading=\"lazy\" decoding=\"async\" width=\"108\" height=\"72\" src=\"https:\/\/agwaymetals.com\/wp-content\/uploads\/2021\/06\/gdmSepiaBrown.png\" class=\"attachment-full size-full\" alt=\"GdmSepiaBrown colour\" \/>\n                                <p>Brun s\u00e9pia<\/p>\n\n                            <\/div>\n\n\n\n                        \n                    <\/div>\n\n                \n                \n                    <h3>Plain Finishes<\/h3>\n\n                    <div class=\"colors\">\n\n                        \n                            <div class=\"color\">\n\n                                <img loading=\"lazy\" decoding=\"async\" width=\"108\" height=\"72\" src=\"https:\/\/agwaymetals.com\/wp-content\/uploads\/2021\/06\/galvalumePlus.png\" class=\"attachment-full size-full\" alt=\"GalvalumePlus colour\" \/>\n                                <p>Galvalume Plus<\/p>\n\n                            <\/div>\n\n\n\n                        \n                    <\/div>\n\n                \n\n\n            <\/div>\n\n\n\n        <\/div>\n\n    <\/div>\n\n        \n","protected":false},"excerpt":{"rendered":"","protected":false},"author":4,"featured_media":0,"parent":0,"menu_order":42,"comment_status":"closed","ping_status":"closed","template":"templates\/template-homeowners.php","meta":{"_acf_changed":false,"footnotes":""},"class_list":["post-7037","page","type-page","status-publish","hentry"],"acf":[],"_links":{"self":[{"href":"https:\/\/agwaymetals.com\/fr\/wp-json\/wp\/v2\/pages\/7037","targetHints":{"allow":["GET"]}}],"collection":[{"href":"https:\/\/agwaymetals.com\/fr\/wp-json\/wp\/v2\/pages"}],"about":[{"href":"https:\/\/agwaymetals.com\/fr\/wp-json\/wp\/v2\/types\/page"}],"author":[{"embeddable":true,"href":"https:\/\/agwaymetals.com\/fr\/wp-json\/wp\/v2\/users\/4"}],"replies":[{"embeddable":true,"href":"https:\/\/agwaymetals.com\/fr\/wp-json\/wp\/v2\/comments?post=7037"}],"version-history":[{"count":11,"href":"https:\/\/agwaymetals.com\/fr\/wp-json\/wp\/v2\/pages\/7037\/revisions"}],"predecessor-version":[{"id":24483,"href":"https:\/\/agwaymetals.com\/fr\/wp-json\/wp\/v2\/pages\/7037\/revisions\/24483"}],"wp:attachment":[{"href":"https:\/\/agwaymetals.com\/fr\/wp-json\/wp\/v2\/media?parent=7037"}],"curies":[{"name":"wp","href":"https:\/\/api.w.org\/{rel}","templated":true}]}}