{"id":9617,"date":"2019-05-14T17:19:31","date_gmt":"2019-05-14T17:19:31","guid":{"rendered":"https:\/\/agwaymetals.com-2021\/?page_id=9617"},"modified":"2021-06-16T02:27:48","modified_gmt":"2021-06-16T02:27:48","slug":"video-dentreprise","status":"publish","type":"page","link":"https:\/\/agwaymetals.com\/fr\/video-dentreprise\/","title":{"rendered":"Vid\u00e9o d&rsquo;entreprise"},"content":{"rendered":"<table border=\"0\" cellspacing=\"0\" cellpadding=\"0\">\n<colgroup>\n<col width=\"50%\" \/><\/colgroup>\n<colgroup>\n<col width=\"50%\" \/><\/colgroup>\n<tbody>\n<tr>\n<td style=\"text-align: center;\" width=\"274\" height=\"12\"><iframe loading=\"lazy\" src=\"https:\/\/www.youtube.com\/embed\/7Q8dDkwGJbs\" width=\"696\" height=\"392\" frameborder=\"0\" allowfullscreen=\"allowfullscreen\" data-mce-fragment=\"1\"><span data-mce-type=\"bookmark\" style=\"display: inline-block; width: 0px; overflow: hidden; line-height: 0;\" class=\"mce_SELRES_start\">\ufeff<\/span><span data-mce-type=\"bookmark\" style=\"display: inline-block; width: 0px; overflow: hidden; line-height: 0;\" class=\"mce_SELRES_start\">\ufeff<\/span><\/iframe><\/td>\n<td style=\"text-align: left;\" width=\"274\">Notre vid\u00e9o d&rsquo;entreprise a \u00e9t\u00e9 d\u00e9velopp\u00e9e et produite pour donner un aper\u00e7u de l&rsquo;int\u00e9rieur de Agway Metals Inc.: nos produits et services, mais plus important encore, qui nous sommes.<\/td>\n<\/tr>\n<\/tbody>\n<\/table>\n","protected":false},"excerpt":{"rendered":"<p>\ufeff\ufeff Notre vid\u00e9o d&rsquo;entreprise a \u00e9t\u00e9 d\u00e9velopp\u00e9e et produite pour donner un aper\u00e7u de l&rsquo;int\u00e9rieur de Agway Metals Inc.: nos produits et services, mais plus important encore, qui nous sommes.<\/p>\n","protected":false},"author":2,"featured_media":21461,"parent":0,"menu_order":24,"comment_status":"closed","ping_status":"closed","template":"","meta":{"_acf_changed":false,"footnotes":""},"class_list":["post-9617","page","type-page","status-publish","has-post-thumbnail","hentry"],"acf":[],"_links":{"self":[{"href":"https:\/\/agwaymetals.com\/fr\/wp-json\/wp\/v2\/pages\/9617","targetHints":{"allow":["GET"]}}],"collection":[{"href":"https:\/\/agwaymetals.com\/fr\/wp-json\/wp\/v2\/pages"}],"about":[{"href":"https:\/\/agwaymetals.com\/fr\/wp-json\/wp\/v2\/types\/page"}],"author":[{"embeddable":true,"href":"https:\/\/agwaymetals.com\/fr\/wp-json\/wp\/v2\/users\/2"}],"replies":[{"embeddable":true,"href":"https:\/\/agwaymetals.com\/fr\/wp-json\/wp\/v2\/comments?post=9617"}],"version-history":[{"count":5,"href":"https:\/\/agwaymetals.com\/fr\/wp-json\/wp\/v2\/pages\/9617\/revisions"}],"predecessor-version":[{"id":21176,"href":"https:\/\/agwaymetals.com\/fr\/wp-json\/wp\/v2\/pages\/9617\/revisions\/21176"}],"wp:featuredmedia":[{"embeddable":true,"href":"https:\/\/agwaymetals.com\/fr\/wp-json\/wp\/v2\/media\/21461"}],"wp:attachment":[{"href":"https:\/\/agwaymetals.com\/fr\/wp-json\/wp\/v2\/media?parent=9617"}],"curies":[{"name":"wp","href":"https:\/\/api.w.org\/{rel}","templated":true}]}}